{"id":277,"date":"2011-07-03T19:20:45","date_gmt":"2011-07-03T17:20:45","guid":{"rendered":"http:\/\/www.gss-dt.de\/wordpress\/?page_id=277"},"modified":"2016-12-20T20:18:22","modified_gmt":"2016-12-20T19:18:22","slug":"konzept-fur-jg-12","status":"publish","type":"page","link":"https:\/\/www.old-gss-dt.de\/wordpress\/konzept-fur-jg-12\/","title":{"rendered":"Qualifikationsphase 1 (Jahrgang 12)"},"content":{"rendered":"<ul>\n<li>Fortsetzung der individuellen Beratung\/ Standortgespr\u00e4che<\/li>\n<li>Besuch der Universit\u00e4t Paderborn<\/li>\n<li>Berufswahlforum des Rotary Clubs (fakultativ)<\/li>\n<li>Informationsveranstaltung Duales Studium<\/li>\n<li>Bewerbungstraining (fakultativ)<\/li>\n<li>Besondere Beratung f\u00fcr Sch\u00fcler mit FHR (Abbruchmanagement)<\/li>\n<\/ul>\n<p>&nbsp;<\/p>\n<p>Zur\u00fcck zu\u00a0<a title=\"BO in der Sek II\" href=\"https:\/\/www.old-gss-dt.de\/wordpress\/?page_id=157\">BO Sek II<\/a><\/p>\n","protected":false},"excerpt":{"rendered":"<p>Fortsetzung der individuellen Beratung\/ Standortgespr\u00e4che Besuch der Universit\u00e4t Paderborn Berufswahlforum des Rotary Clubs (fakultativ) Informationsveranstaltung Duales Studium Bewerbungstraining (fakultativ) Besondere Beratung f\u00fcr Sch\u00fcler mit FHR (Abbruchmanagement) &nbsp; Zur\u00fcck zu\u00a0BO Sek II<\/p>\n","protected":false},"author":1,"featured_media":0,"parent":0,"menu_order":0,"comment_status":"closed","ping_status":"closed","template":"","meta":[],"_links":{"self":[{"href":"https:\/\/www.old-gss-dt.de\/wordpress\/wp-json\/wp\/v2\/pages\/277"}],"collection":[{"href":"https:\/\/www.old-gss-dt.de\/wordpress\/wp-json\/wp\/v2\/pages"}],"about":[{"href":"https:\/\/www.old-gss-dt.de\/wordpress\/wp-json\/wp\/v2\/types\/page"}],"author":[{"embeddable":true,"href":"https:\/\/www.old-gss-dt.de\/wordpress\/wp-json\/wp\/v2\/users\/1"}],"replies":[{"embeddable":true,"href":"https:\/\/www.old-gss-dt.de\/wordpress\/wp-json\/wp\/v2\/comments?post=277"}],"version-history":[{"count":6,"href":"https:\/\/www.old-gss-dt.de\/wordpress\/wp-json\/wp\/v2\/pages\/277\/revisions"}],"predecessor-version":[{"id":4509,"href":"https:\/\/www.old-gss-dt.de\/wordpress\/wp-json\/wp\/v2\/pages\/277\/revisions\/4509"}],"wp:attachment":[{"href":"https:\/\/www.old-gss-dt.de\/wordpress\/wp-json\/wp\/v2\/media?parent=277"}],"curies":[{"name":"wp","href":"https:\/\/api.w.org\/{rel}","templated":true}]}}