{"id":2604,"date":"2013-09-18T11:27:30","date_gmt":"2013-09-18T09:27:30","guid":{"rendered":"http:\/\/www.gss-dt.de\/wordpress\/?page_id=2604"},"modified":"2021-08-30T20:16:24","modified_gmt":"2021-08-30T18:16:24","slug":"unterrichts-partituren","status":"publish","type":"page","link":"https:\/\/www.old-gss-dt.de\/wordpress\/unterrichts-partituren\/","title":{"rendered":"Unterrichts-Partituren"},"content":{"rendered":"<p>Hier finden Sie die Unterrichtsinhalte f\u00fcr alle F\u00e4cher in der Sekundarstufe I (5. bis 10. Klasse), g\u00fcltig f\u00fcr das Schuljahr 2020\/21<\/p>\n<p><a href=\"https:\/\/www.old-gss-dt.de\/wordpress\/wp-content\/uploads\/2021\/08\/Partitur-Jg.5-21-22.pdf\" target=\"_blank\">Partitur Jg.5 21-22<\/a><\/p>\n<p><a href=\"https:\/\/www.old-gss-dt.de\/wordpress\/wp-content\/uploads\/2021\/08\/Partitur-Jg.6-21-22.pdf\" target=\"_blank\">Partitur Jg.6 21-22<\/a><\/p>\n<p><a href=\"https:\/\/www.old-gss-dt.de\/wordpress\/wp-content\/uploads\/2021\/08\/Partitur-Jg.7-21-22.pdf\" target=\"_blank\">Partitur Jg.7 21-22<\/a><\/p>\n<p><a href=\"https:\/\/www.old-gss-dt.de\/wordpress\/wp-content\/uploads\/2021\/08\/Partitur-Jg.8-21-22.pdf\" target=\"_blank\">Partitur Jg.8 21-22<\/a><\/p>\n<p><a href=\"https:\/\/www.old-gss-dt.de\/wordpress\/wp-content\/uploads\/2021\/08\/Partitur-Jg.9-21-22.pdf\" target=\"_blank\">Partitur Jg.9 21-22<\/a><\/p>\n<p><a href=\"https:\/\/www.old-gss-dt.de\/wordpress\/wp-content\/uploads\/2021\/08\/Partitur-Jg.10-21-22.pdf\" target=\"_blank\">Partitur Jg.10 21-22<\/a><\/p>\n<p>&nbsp;<\/p>\n<p>&nbsp;<\/p>\n<p>&nbsp;<\/p>\n<p>&nbsp;<\/p>\n<p>&nbsp;<\/p>\n","protected":false},"excerpt":{"rendered":"<p>Hier finden Sie die Unterrichtsinhalte f\u00fcr alle F\u00e4cher in der Sekundarstufe I (5. bis 10. Klasse), g\u00fcltig f\u00fcr das Schuljahr 2020\/21 Partitur Jg.5 21-22 Partitur Jg.6 21-22 Partitur Jg.7 21-22 Partitur Jg.8 21-22 Partitur Jg.9 21-22 Partitur Jg.10 21-22 &nbsp; &hellip; <a href=\"https:\/\/www.old-gss-dt.de\/wordpress\/unterrichts-partituren\/\">Continue reading <span class=\"meta-nav\">&rarr;<\/span><\/a><\/p>\n","protected":false},"author":1,"featured_media":0,"parent":0,"menu_order":0,"comment_status":"closed","ping_status":"closed","template":"","meta":[],"_links":{"self":[{"href":"https:\/\/www.old-gss-dt.de\/wordpress\/wp-json\/wp\/v2\/pages\/2604"}],"collection":[{"href":"https:\/\/www.old-gss-dt.de\/wordpress\/wp-json\/wp\/v2\/pages"}],"about":[{"href":"https:\/\/www.old-gss-dt.de\/wordpress\/wp-json\/wp\/v2\/types\/page"}],"author":[{"embeddable":true,"href":"https:\/\/www.old-gss-dt.de\/wordpress\/wp-json\/wp\/v2\/users\/1"}],"replies":[{"embeddable":true,"href":"https:\/\/www.old-gss-dt.de\/wordpress\/wp-json\/wp\/v2\/comments?post=2604"}],"version-history":[{"count":20,"href":"https:\/\/www.old-gss-dt.de\/wordpress\/wp-json\/wp\/v2\/pages\/2604\/revisions"}],"predecessor-version":[{"id":6988,"href":"https:\/\/www.old-gss-dt.de\/wordpress\/wp-json\/wp\/v2\/pages\/2604\/revisions\/6988"}],"wp:attachment":[{"href":"https:\/\/www.old-gss-dt.de\/wordpress\/wp-json\/wp\/v2\/media?parent=2604"}],"curies":[{"name":"wp","href":"https:\/\/api.w.org\/{rel}","templated":true}]}}