{"id":224,"date":"2011-07-03T16:49:12","date_gmt":"2011-07-03T14:49:12","guid":{"rendered":"http:\/\/www.gss-dt.de\/wordpress\/?page_id=224"},"modified":"2014-03-28T17:22:22","modified_gmt":"2014-03-28T16:22:22","slug":"bildergalerie","status":"publish","type":"page","link":"https:\/\/www.old-gss-dt.de\/wordpress\/bildergalerie\/","title":{"rendered":"Bildergalerie"},"content":{"rendered":"<p>Wichtige Informationen zur Bildergalerie:<\/p>\n<p>Nach \u00a723 des Kunsturhebergesetzes (KunstUrhG), Absatz 3, d\u00fcrfen &#8222;Bilder von Versammlungen, Aufz\u00fcgen und \u00e4hnlichen Vorg\u00e4ngen, an denen die dargestellten Personen teilgenommen haben&#8220; ohne Einverst\u00e4ndis der auf den Bildern zu sehenden Personen ver\u00f6ffentlicht werden. Das gilt insbesondere auch f\u00fcr \u00f6ffentliche Schulveranstaltungen.<\/p>\n<p>Trotzdem l\u00f6schen wir nat\u00fcrlich sofort ein Bild, wenn es jemand lieber nicht online sehen m\u00f6chte. Dazu bitte eine kurze Email mit dem Betreff &#8222;Bild l\u00f6schen&#8220; <a href=\"mailto: webmaster@gss-dt.de\" target=\"_blank\">an den Webmaster schicken<\/a>!<\/p>\n<p>&#8212;&#8212;&#8212;&#8212;&#8212;&#8212;&#8212;&#8212;&#8212;&#8212;&#8212;&#8212;&#8211;<\/p>\n<p>Zu den Bildergalerien:<\/p>\n<p><a title=\"Kunst Kalender 2014\" href=\"https:\/\/www.old-gss-dt.de\/wordpress\/?page_id=2918\">Kunstkalender 2014<\/a><\/p>\n<p><a title=\"2011-07 Schulfest Galerie\" href=\"https:\/\/www.old-gss-dt.de\/wordpress\/?page_id=898\" target=\"_blank\">2011-07 Schulfest<\/a><\/p>\n","protected":false},"excerpt":{"rendered":"<p>Wichtige Informationen zur Bildergalerie: Nach \u00a723 des Kunsturhebergesetzes (KunstUrhG), Absatz 3, d\u00fcrfen &#8222;Bilder von Versammlungen, Aufz\u00fcgen und \u00e4hnlichen Vorg\u00e4ngen, an denen die dargestellten Personen teilgenommen haben&#8220; ohne Einverst\u00e4ndis der auf den Bildern zu sehenden Personen ver\u00f6ffentlicht werden. Das gilt insbesondere &hellip; <a href=\"https:\/\/www.old-gss-dt.de\/wordpress\/bildergalerie\/\">Continue reading <span class=\"meta-nav\">&rarr;<\/span><\/a><\/p>\n","protected":false},"author":1,"featured_media":0,"parent":0,"menu_order":0,"comment_status":"closed","ping_status":"closed","template":"","meta":[],"_links":{"self":[{"href":"https:\/\/www.old-gss-dt.de\/wordpress\/wp-json\/wp\/v2\/pages\/224"}],"collection":[{"href":"https:\/\/www.old-gss-dt.de\/wordpress\/wp-json\/wp\/v2\/pages"}],"about":[{"href":"https:\/\/www.old-gss-dt.de\/wordpress\/wp-json\/wp\/v2\/types\/page"}],"author":[{"embeddable":true,"href":"https:\/\/www.old-gss-dt.de\/wordpress\/wp-json\/wp\/v2\/users\/1"}],"replies":[{"embeddable":true,"href":"https:\/\/www.old-gss-dt.de\/wordpress\/wp-json\/wp\/v2\/comments?post=224"}],"version-history":[{"count":10,"href":"https:\/\/www.old-gss-dt.de\/wordpress\/wp-json\/wp\/v2\/pages\/224\/revisions"}],"predecessor-version":[{"id":2954,"href":"https:\/\/www.old-gss-dt.de\/wordpress\/wp-json\/wp\/v2\/pages\/224\/revisions\/2954"}],"wp:attachment":[{"href":"https:\/\/www.old-gss-dt.de\/wordpress\/wp-json\/wp\/v2\/media?parent=224"}],"curies":[{"name":"wp","href":"https:\/\/api.w.org\/{rel}","templated":true}]}}