{"id":2214,"date":"2013-01-16T06:59:25","date_gmt":"2013-01-16T05:59:25","guid":{"rendered":"http:\/\/www.gss-dt.de\/wordpress\/?page_id=2214"},"modified":"2013-01-16T06:59:25","modified_gmt":"2013-01-16T05:59:25","slug":"mint-projekte-2013","status":"publish","type":"page","link":"https:\/\/www.old-gss-dt.de\/wordpress\/mint-projekte-2013\/","title":{"rendered":"Mint-Projekte 2013"},"content":{"rendered":"<p>Bitte auf die Bilder klicken f\u00fcr eine gr\u00f6\u00dfere Darstellung als PDF-Datei!<\/p>\n<p><a href=\"https:\/\/www.old-gss-dt.de\/wordpress\/wp-content\/uploads\/2013\/01\/2013-Mintprojekte.pdf\" target=\"_blank\"><img decoding=\"async\" loading=\"lazy\" class=\"alignnone size-large wp-image-2209\" title=\"2013 Mint 1\" src=\"https:\/\/www.old-gss-dt.de\/wordpress\/wp-content\/uploads\/2013\/01\/2013-Mint-1-345x500.png\" alt=\"\" width=\"345\" height=\"500\" srcset=\"https:\/\/www.old-gss-dt.de\/wordpress\/wp-content\/uploads\/2013\/01\/2013-Mint-1-345x500.png 345w, https:\/\/www.old-gss-dt.de\/wordpress\/wp-content\/uploads\/2013\/01\/2013-Mint-1-207x300.png 207w, https:\/\/www.old-gss-dt.de\/wordpress\/wp-content\/uploads\/2013\/01\/2013-Mint-1.png 701w\" sizes=\"(max-width: 345px) 100vw, 345px\" \/><\/a><\/p>\n<p><a href=\"https:\/\/www.old-gss-dt.de\/wordpress\/wp-content\/uploads\/2013\/01\/2013-Mintprojekte.pdf\" target=\"_blank\"><img decoding=\"async\" loading=\"lazy\" class=\"alignnone size-large wp-image-2210\" title=\"2013 Mint 2\" src=\"https:\/\/www.old-gss-dt.de\/wordpress\/wp-content\/uploads\/2013\/01\/2013-Mint-2-428x500.png\" alt=\"\" width=\"428\" height=\"500\" srcset=\"https:\/\/www.old-gss-dt.de\/wordpress\/wp-content\/uploads\/2013\/01\/2013-Mint-2-428x500.png 428w, https:\/\/www.old-gss-dt.de\/wordpress\/wp-content\/uploads\/2013\/01\/2013-Mint-2-257x300.png 257w, https:\/\/www.old-gss-dt.de\/wordpress\/wp-content\/uploads\/2013\/01\/2013-Mint-2.png 675w\" sizes=\"(max-width: 428px) 100vw, 428px\" \/><\/a><\/p>\n","protected":false},"excerpt":{"rendered":"<p>Bitte auf die Bilder klicken f\u00fcr eine gr\u00f6\u00dfere Darstellung als PDF-Datei!<\/p>\n","protected":false},"author":1,"featured_media":0,"parent":0,"menu_order":0,"comment_status":"closed","ping_status":"closed","template":"","meta":[],"_links":{"self":[{"href":"https:\/\/www.old-gss-dt.de\/wordpress\/wp-json\/wp\/v2\/pages\/2214"}],"collection":[{"href":"https:\/\/www.old-gss-dt.de\/wordpress\/wp-json\/wp\/v2\/pages"}],"about":[{"href":"https:\/\/www.old-gss-dt.de\/wordpress\/wp-json\/wp\/v2\/types\/page"}],"author":[{"embeddable":true,"href":"https:\/\/www.old-gss-dt.de\/wordpress\/wp-json\/wp\/v2\/users\/1"}],"replies":[{"embeddable":true,"href":"https:\/\/www.old-gss-dt.de\/wordpress\/wp-json\/wp\/v2\/comments?post=2214"}],"version-history":[{"count":1,"href":"https:\/\/www.old-gss-dt.de\/wordpress\/wp-json\/wp\/v2\/pages\/2214\/revisions"}],"predecessor-version":[{"id":2215,"href":"https:\/\/www.old-gss-dt.de\/wordpress\/wp-json\/wp\/v2\/pages\/2214\/revisions\/2215"}],"wp:attachment":[{"href":"https:\/\/www.old-gss-dt.de\/wordpress\/wp-json\/wp\/v2\/media?parent=2214"}],"curies":[{"name":"wp","href":"https:\/\/api.w.org\/{rel}","templated":true}]}}