{"id":212,"date":"2011-07-03T16:47:54","date_gmt":"2011-07-03T14:47:54","guid":{"rendered":"http:\/\/www.gss-dt.de\/wordpress\/?page_id=212"},"modified":"2013-01-18T10:10:31","modified_gmt":"2013-01-18T09:10:31","slug":"schulentwicklung","status":"publish","type":"page","link":"https:\/\/www.old-gss-dt.de\/wordpress\/schulentwicklung\/","title":{"rendered":"Schulprogramm"},"content":{"rendered":"<p>Unsere Ziele: Wir wollen lernen<\/p>\n<ul>\n<li>zu arbeiten<\/li>\n<li>f\u00fcr ein gelingendes Leben<\/li>\n<li>in einer demokratischen Gesellschaft<\/li>\n<li>weiter zur\u00a0<a title=\"ausf\u00fchrliche Darstellung Wege\" href=\"https:\/\/www.old-gss-dt.de\/wordpress\/?page_id=333\">ausf\u00fchrlichen Darstellung<\/a><\/li>\n<\/ul>\n<p>&nbsp;<\/p>\n<p>Unsere Wege: Wir wollen<\/p>\n<ul>\n<li>ganzheitliches Lernen erm\u00f6glichen<\/li>\n<li>auf den einzelnen Sch\u00fcler \/ die einzelne Sch\u00fclerin eingehen<\/li>\n<li>Demokratie begreifen, \u00fcben und sichern<\/li>\n<\/ul>\n<p>&nbsp;<\/p>\n<p>Die Grundlagen unseres Schulprogramms:<\/p>\n<ul>\n<li><a title=\"Struktur\" href=\"https:\/\/www.old-gss-dt.de\/wordpress\/?page_id=2232\">Struktur<\/a><\/li>\n<li><a title=\"Ganzheit\" href=\"https:\/\/www.old-gss-dt.de\/wordpress\/?page_id=321\">Ganzheit<\/a><\/li>\n<li><a title=\"Individualit\u00e4t\" href=\"https:\/\/www.old-gss-dt.de\/wordpress\/?page_id=323\">Individualit\u00e4t<\/a><\/li>\n<li><a title=\"Demokratie\" href=\"https:\/\/www.old-gss-dt.de\/wordpress\/?page_id=325\">Demokratie<\/a><\/li>\n<li><a href=\"https:\/\/www.old-gss-dt.de\/wordpress\/?page_id=722\">90-Minuten-Takt<\/a><\/li>\n<\/ul>\n<p>&nbsp;<\/p>\n<p>Zur\u00fcck zu\u00a0<a title=\"Schule\" href=\"https:\/\/www.old-gss-dt.de\/wordpress\/?page_id=193\">Schule<\/a><\/p>\n","protected":false},"excerpt":{"rendered":"<p>Unsere Ziele: Wir wollen lernen zu arbeiten f\u00fcr ein gelingendes Leben in einer demokratischen Gesellschaft weiter zur\u00a0ausf\u00fchrlichen Darstellung &nbsp; Unsere Wege: Wir wollen ganzheitliches Lernen erm\u00f6glichen auf den einzelnen Sch\u00fcler \/ die einzelne Sch\u00fclerin eingehen Demokratie begreifen, \u00fcben und sichern &hellip; <a href=\"https:\/\/www.old-gss-dt.de\/wordpress\/schulentwicklung\/\">Continue reading <span class=\"meta-nav\">&rarr;<\/span><\/a><\/p>\n","protected":false},"author":1,"featured_media":0,"parent":0,"menu_order":0,"comment_status":"closed","ping_status":"closed","template":"","meta":[],"_links":{"self":[{"href":"https:\/\/www.old-gss-dt.de\/wordpress\/wp-json\/wp\/v2\/pages\/212"}],"collection":[{"href":"https:\/\/www.old-gss-dt.de\/wordpress\/wp-json\/wp\/v2\/pages"}],"about":[{"href":"https:\/\/www.old-gss-dt.de\/wordpress\/wp-json\/wp\/v2\/types\/page"}],"author":[{"embeddable":true,"href":"https:\/\/www.old-gss-dt.de\/wordpress\/wp-json\/wp\/v2\/users\/1"}],"replies":[{"embeddable":true,"href":"https:\/\/www.old-gss-dt.de\/wordpress\/wp-json\/wp\/v2\/comments?post=212"}],"version-history":[{"count":11,"href":"https:\/\/www.old-gss-dt.de\/wordpress\/wp-json\/wp\/v2\/pages\/212\/revisions"}],"predecessor-version":[{"id":2264,"href":"https:\/\/www.old-gss-dt.de\/wordpress\/wp-json\/wp\/v2\/pages\/212\/revisions\/2264"}],"wp:attachment":[{"href":"https:\/\/www.old-gss-dt.de\/wordpress\/wp-json\/wp\/v2\/media?parent=212"}],"curies":[{"name":"wp","href":"https:\/\/api.w.org\/{rel}","templated":true}]}}