{"id":207,"date":"2011-07-03T16:45:25","date_gmt":"2011-07-03T14:45:25","guid":{"rendered":"http:\/\/www.gss-dt.de\/wordpress\/?page_id=207"},"modified":"2019-06-04T08:55:32","modified_gmt":"2019-06-04T06:55:32","slug":"schulabschlusse","status":"publish","type":"page","link":"https:\/\/www.old-gss-dt.de\/wordpress\/schulabschlusse\/","title":{"rendered":"Schulabschl\u00fcsse"},"content":{"rendered":"<p>An unserer Schule werden folgende Schulabschl\u00fcsse vergeben (vorausgesetzt die daf\u00fcr notwenigen Leistungen werden erbracht!):<\/p>\n<ul>\n<li>Abitur (nach 13 Jahren, bei uns kein G8!)<\/li>\n<li>FOR (auch bekannt als Realschulabschluss)<\/li>\n<li>Hauptschulabschluss nach Klasse 10<\/li>\n<li>Hauptschulabschluss nach Klasse 9<\/li>\n<\/ul>\n<p>Mit dem Prognos-Programm k\u00f6nnen Sch\u00fcler und Eltern am eigenen Rechner bestimmen, welcher Schulabschluss am Ende der 10. Klasse erreicht wird. Einfach <a href=\"http:\/\/schulverwaltungsprogramme.msw.nrw.de\/pm2\/PM2-Setup.exe\" target=\"_blank\">hier herunterladen<\/a>, installieren und die Kurse mit den zu erwartenden Noten eingeben!<\/p>\n<p>&nbsp;<\/p>\n<p>&nbsp;<\/p>\n<p>&nbsp;<\/p>\n<p>Zur\u00fcck zu\u00a0<a title=\"Schule\" href=\"https:\/\/www.old-gss-dt.de\/wordpress\/?page_id=193\">Schule<\/a><\/p>\n","protected":false},"excerpt":{"rendered":"<p>An unserer Schule werden folgende Schulabschl\u00fcsse vergeben (vorausgesetzt die daf\u00fcr notwenigen Leistungen werden erbracht!): Abitur (nach 13 Jahren, bei uns kein G8!) FOR (auch bekannt als Realschulabschluss) Hauptschulabschluss nach Klasse 10 Hauptschulabschluss nach Klasse 9 Mit dem Prognos-Programm k\u00f6nnen Sch\u00fcler &hellip; <a href=\"https:\/\/www.old-gss-dt.de\/wordpress\/schulabschlusse\/\">Continue reading <span class=\"meta-nav\">&rarr;<\/span><\/a><\/p>\n","protected":false},"author":1,"featured_media":0,"parent":0,"menu_order":0,"comment_status":"closed","ping_status":"closed","template":"","meta":[],"_links":{"self":[{"href":"https:\/\/www.old-gss-dt.de\/wordpress\/wp-json\/wp\/v2\/pages\/207"}],"collection":[{"href":"https:\/\/www.old-gss-dt.de\/wordpress\/wp-json\/wp\/v2\/pages"}],"about":[{"href":"https:\/\/www.old-gss-dt.de\/wordpress\/wp-json\/wp\/v2\/types\/page"}],"author":[{"embeddable":true,"href":"https:\/\/www.old-gss-dt.de\/wordpress\/wp-json\/wp\/v2\/users\/1"}],"replies":[{"embeddable":true,"href":"https:\/\/www.old-gss-dt.de\/wordpress\/wp-json\/wp\/v2\/comments?post=207"}],"version-history":[{"count":7,"href":"https:\/\/www.old-gss-dt.de\/wordpress\/wp-json\/wp\/v2\/pages\/207\/revisions"}],"predecessor-version":[{"id":6138,"href":"https:\/\/www.old-gss-dt.de\/wordpress\/wp-json\/wp\/v2\/pages\/207\/revisions\/6138"}],"wp:attachment":[{"href":"https:\/\/www.old-gss-dt.de\/wordpress\/wp-json\/wp\/v2\/media?parent=207"}],"curies":[{"name":"wp","href":"https:\/\/api.w.org\/{rel}","templated":true}]}}