{"id":201,"date":"2011-07-03T16:44:04","date_gmt":"2011-07-03T14:44:04","guid":{"rendered":"http:\/\/www.gss-dt.de\/wordpress\/?page_id=201"},"modified":"2020-11-26T08:44:13","modified_gmt":"2020-11-26T07:44:13","slug":"forderverein","status":"publish","type":"page","link":"https:\/\/www.old-gss-dt.de\/wordpress\/forderverein\/","title":{"rendered":"F\u00f6rderverein"},"content":{"rendered":"<p>Der F\u00f6rderverein wurde im Januar\u00a01987 von engagierten Eltern und\u00a0Lehrern gegr\u00fcndet.<\/p>\n<p>Der Verein<\/p>\n<ul>\n<li>f\u00f6rdert und unterst\u00fctzt die Bildungs- und Erziehungsarbeit unserer Schule in ideeller und materieller Hinsicht<\/li>\n<li>unterst\u00fctzt kulturelle, soziale und sportliche Aktivit\u00e4ten<\/li>\n<li>unterst\u00fctzt einkommens-schwache Familien durch zinslose, zur\u00fcckzuzahlende Darlehen<\/li>\n<li>unterst\u00fctzt Ma\u00dfnahmen, die der Pflege der Gemeinschaft zwischen Lehrern, Eltern und Erziehungsberechtigten dienen<\/li>\n<\/ul>\n<table border=\"1\" cellspacing=\"0\" cellpadding=\"0\">\n<tbody>\n<tr>\n<td valign=\"top\" width=\"230\">Vorsitzender:<\/td>\n<td valign=\"top\" width=\"230\">stv. Vorsitzender:<\/td>\n<\/tr>\n<tr>\n<td valign=\"top\" width=\"230\">Marco Stuckenschneider<\/td>\n<td valign=\"top\" width=\"230\">Reinhard Schiffer<\/td>\n<\/tr>\n<tr>\n<td valign=\"top\" width=\"230\"><\/td>\n<td valign=\"top\" width=\"230\"><\/td>\n<\/tr>\n<tr>\n<td valign=\"top\" width=\"230\">Tel. (Schule): 05231 64070<\/td>\n<td valign=\"top\" width=\"230\">Tel. (Schule): 05231 64070<\/td>\n<\/tr>\n<tr>\n<td valign=\"top\" width=\"230\"><\/td>\n<td valign=\"top\" width=\"230\"><\/td>\n<\/tr>\n<tr>\n<td valign=\"top\" width=\"230\">Bankverbindung<\/td>\n<td valign=\"top\" width=\"230\">Sparkasse Detmold<\/td>\n<\/tr>\n<tr>\n<td valign=\"top\" width=\"230\">BLZ:\u00a0 47650130<\/td>\n<td valign=\"top\" width=\"230\">Konto:\u00a0 18000331<\/td>\n<\/tr>\n<\/tbody>\n<\/table>\n<p>Jetzt <a href=\"https:\/\/www.old-gss-dt.de\/wordpress\/?page_id=561\">beitreten und Mitglied werden<\/a>!<\/p>\n<p>Weiter zu <a title=\"Aktivit\u00e4ten des F\u00f6rdervereins\" href=\"https:\/\/www.old-gss-dt.de\/wordpress\/?page_id=555\">Aktivit\u00e4ten des F\u00f6rdervereins<\/a><\/p>\n<p>Zur\u00fcck zu\u00a0<a title=\"Schule\" href=\"https:\/\/www.old-gss-dt.de\/wordpress\/?page_id=193\">Schule<\/a><\/p>\n","protected":false},"excerpt":{"rendered":"<p>Der F\u00f6rderverein wurde im Januar\u00a01987 von engagierten Eltern und\u00a0Lehrern gegr\u00fcndet. Der Verein f\u00f6rdert und unterst\u00fctzt die Bildungs- und Erziehungsarbeit unserer Schule in ideeller und materieller Hinsicht unterst\u00fctzt kulturelle, soziale und sportliche Aktivit\u00e4ten unterst\u00fctzt einkommens-schwache Familien durch zinslose, zur\u00fcckzuzahlende Darlehen unterst\u00fctzt &hellip; <a href=\"https:\/\/www.old-gss-dt.de\/wordpress\/forderverein\/\">Continue reading <span class=\"meta-nav\">&rarr;<\/span><\/a><\/p>\n","protected":false},"author":1,"featured_media":0,"parent":0,"menu_order":0,"comment_status":"closed","ping_status":"closed","template":"","meta":[],"_links":{"self":[{"href":"https:\/\/www.old-gss-dt.de\/wordpress\/wp-json\/wp\/v2\/pages\/201"}],"collection":[{"href":"https:\/\/www.old-gss-dt.de\/wordpress\/wp-json\/wp\/v2\/pages"}],"about":[{"href":"https:\/\/www.old-gss-dt.de\/wordpress\/wp-json\/wp\/v2\/types\/page"}],"author":[{"embeddable":true,"href":"https:\/\/www.old-gss-dt.de\/wordpress\/wp-json\/wp\/v2\/users\/1"}],"replies":[{"embeddable":true,"href":"https:\/\/www.old-gss-dt.de\/wordpress\/wp-json\/wp\/v2\/comments?post=201"}],"version-history":[{"count":14,"href":"https:\/\/www.old-gss-dt.de\/wordpress\/wp-json\/wp\/v2\/pages\/201\/revisions"}],"predecessor-version":[{"id":6595,"href":"https:\/\/www.old-gss-dt.de\/wordpress\/wp-json\/wp\/v2\/pages\/201\/revisions\/6595"}],"wp:attachment":[{"href":"https:\/\/www.old-gss-dt.de\/wordpress\/wp-json\/wp\/v2\/media?parent=201"}],"curies":[{"name":"wp","href":"https:\/\/api.w.org\/{rel}","templated":true}]}}