{"id":196,"date":"2011-07-03T16:41:01","date_gmt":"2011-07-03T14:41:01","guid":{"rendered":"http:\/\/www.gss-dt.de\/wordpress\/?page_id=196"},"modified":"2016-09-06T19:14:32","modified_gmt":"2016-09-06T17:14:32","slug":"fachbereiche","status":"publish","type":"page","link":"https:\/\/www.old-gss-dt.de\/wordpress\/fachbereiche\/","title":{"rendered":"Fachbereiche"},"content":{"rendered":"<p>An dieser Stelle werden sich bald die Fachbereiche unserer Schule mit \u00a0Informationen und Bildern vorstellen, z.B. unsere Technik-Werkst\u00e4tten, die Schulk\u00fcche oder unsere Musikr\u00e4ume.<\/p>\n<p>&nbsp;<\/p>\n<p>Zur\u00fcck zu <a title=\"Schule\" href=\"https:\/\/www.old-gss-dt.de\/wordpress\/?page_id=193\">Schule<\/a><\/p>\n","protected":false},"excerpt":{"rendered":"<p>An dieser Stelle werden sich bald die Fachbereiche unserer Schule mit \u00a0Informationen und Bildern vorstellen, z.B. unsere Technik-Werkst\u00e4tten, die Schulk\u00fcche oder unsere Musikr\u00e4ume. &nbsp; Zur\u00fcck zu Schule<\/p>\n","protected":false},"author":1,"featured_media":0,"parent":0,"menu_order":0,"comment_status":"closed","ping_status":"closed","template":"","meta":[],"_links":{"self":[{"href":"https:\/\/www.old-gss-dt.de\/wordpress\/wp-json\/wp\/v2\/pages\/196"}],"collection":[{"href":"https:\/\/www.old-gss-dt.de\/wordpress\/wp-json\/wp\/v2\/pages"}],"about":[{"href":"https:\/\/www.old-gss-dt.de\/wordpress\/wp-json\/wp\/v2\/types\/page"}],"author":[{"embeddable":true,"href":"https:\/\/www.old-gss-dt.de\/wordpress\/wp-json\/wp\/v2\/users\/1"}],"replies":[{"embeddable":true,"href":"https:\/\/www.old-gss-dt.de\/wordpress\/wp-json\/wp\/v2\/comments?post=196"}],"version-history":[{"count":6,"href":"https:\/\/www.old-gss-dt.de\/wordpress\/wp-json\/wp\/v2\/pages\/196\/revisions"}],"predecessor-version":[{"id":4240,"href":"https:\/\/www.old-gss-dt.de\/wordpress\/wp-json\/wp\/v2\/pages\/196\/revisions\/4240"}],"wp:attachment":[{"href":"https:\/\/www.old-gss-dt.de\/wordpress\/wp-json\/wp\/v2\/media?parent=196"}],"curies":[{"name":"wp","href":"https:\/\/api.w.org\/{rel}","templated":true}]}}