{"id":193,"date":"2011-07-03T16:40:15","date_gmt":"2011-07-03T14:40:15","guid":{"rendered":"http:\/\/www.gss-dt.de\/wordpress\/?page_id=193"},"modified":"2011-07-18T18:47:40","modified_gmt":"2011-07-18T16:47:40","slug":"schule","status":"publish","type":"page","link":"https:\/\/www.old-gss-dt.de\/wordpress\/schule\/","title":{"rendered":"Schule"},"content":{"rendered":"<p>Die Geschwister-Scholl-Schule wird von vielen Eltern in Detmold gew\u00e4hlt, weil wir allen Sch\u00fclerinnen und Sch\u00fclern vielf\u00e4ltige M\u00f6glichkeiten zur individuellen Entwicklung geben.<\/p>\n<p>Die pers\u00f6nliche Entwicklung Ihres Kindes steht bei uns im Vordergrund, deswegen lassen wir als Gesamt- und Ganztagsschule Zeit zum Lernen mit Kopf, Herz und Hand.<\/p>\n<p>Zusammen mit unseren Kooperationspartnern aus Kultur und Wirtschaft entwickeln wir Projekte, die vielf\u00e4ltiges Lernen auch an au\u00dferschulischen Orten erm\u00f6glichen.<\/p>\n<p>Die erfolgreichen Abschl\u00fcsse unserer Sch\u00fcler, sowohl in den Zentralen Pr\u00fcfungen nach 10, wie auch im Zentralabitur, best\u00e4tigen unser Konzept.<\/p>\n<p><a title=\"Leitbild\" href=\"https:\/\/www.old-gss-dt.de\/wordpress\/?page_id=204\">Leitbild<\/a><\/p>\n<p><a title=\"Schulentwicklung\" href=\"https:\/\/www.old-gss-dt.de\/wordpress\/?page_id=212\">Schulentwicklung<\/a><\/p>\n<p><a title=\"Schulabschl\u00fcsse\" href=\"https:\/\/www.old-gss-dt.de\/wordpress\/?page_id=207\">Schulabschl\u00fcsse<\/a><\/p>\n<p><a title=\"Fachbereiche\" href=\"https:\/\/www.old-gss-dt.de\/wordpress\/?page_id=196\">Fachbereiche<\/a><\/p>\n<p><a title=\"F\u00f6rderverein\" href=\"https:\/\/www.old-gss-dt.de\/wordpress\/?page_id=201\">F\u00f6rderverein<\/a><\/p>\n<p>&nbsp;<\/p>\n<p>&nbsp;<\/p>\n<p>&nbsp;<\/p>\n","protected":false},"excerpt":{"rendered":"<p>Die Geschwister-Scholl-Schule wird von vielen Eltern in Detmold gew\u00e4hlt, weil wir allen Sch\u00fclerinnen und Sch\u00fclern vielf\u00e4ltige M\u00f6glichkeiten zur individuellen Entwicklung geben. Die pers\u00f6nliche Entwicklung Ihres Kindes steht bei uns im Vordergrund, deswegen lassen wir als Gesamt- und Ganztagsschule Zeit zum &hellip; <a href=\"https:\/\/www.old-gss-dt.de\/wordpress\/schule\/\">Continue reading <span class=\"meta-nav\">&rarr;<\/span><\/a><\/p>\n","protected":false},"author":1,"featured_media":0,"parent":0,"menu_order":0,"comment_status":"closed","ping_status":"closed","template":"","meta":[],"_links":{"self":[{"href":"https:\/\/www.old-gss-dt.de\/wordpress\/wp-json\/wp\/v2\/pages\/193"}],"collection":[{"href":"https:\/\/www.old-gss-dt.de\/wordpress\/wp-json\/wp\/v2\/pages"}],"about":[{"href":"https:\/\/www.old-gss-dt.de\/wordpress\/wp-json\/wp\/v2\/types\/page"}],"author":[{"embeddable":true,"href":"https:\/\/www.old-gss-dt.de\/wordpress\/wp-json\/wp\/v2\/users\/1"}],"replies":[{"embeddable":true,"href":"https:\/\/www.old-gss-dt.de\/wordpress\/wp-json\/wp\/v2\/comments?post=193"}],"version-history":[{"count":6,"href":"https:\/\/www.old-gss-dt.de\/wordpress\/wp-json\/wp\/v2\/pages\/193\/revisions"}],"predecessor-version":[{"id":233,"href":"https:\/\/www.old-gss-dt.de\/wordpress\/wp-json\/wp\/v2\/pages\/193\/revisions\/233"}],"wp:attachment":[{"href":"https:\/\/www.old-gss-dt.de\/wordpress\/wp-json\/wp\/v2\/media?parent=193"}],"curies":[{"name":"wp","href":"https:\/\/api.w.org\/{rel}","templated":true}]}}