{"id":176,"date":"2011-07-03T16:28:55","date_gmt":"2011-07-03T14:28:55","guid":{"rendered":"http:\/\/www.gss-dt.de\/wordpress\/?page_id=176"},"modified":"2011-07-17T11:12:16","modified_gmt":"2011-07-17T09:12:16","slug":"eltern","status":"publish","type":"page","link":"https:\/\/www.old-gss-dt.de\/wordpress\/eltern\/","title":{"rendered":"Eltern"},"content":{"rendered":"<p>70% der Abiturienten an Gesamtschulen h\u00e4tten nach den Prognosen ihrer Grundschulen kein Abitur gemacht!<\/p>\n<p>Wir erm\u00f6glichen Ihren Kindern eine vielf\u00e4ltige Entwicklung durch:<\/p>\n<ul>\n<li>ein Klassenlehrerteam in jeder Klasse<\/li>\n<li>intensive Sprachf\u00f6rderung f\u00fcr alle Kinder<\/li>\n<li>auf Wunsch Gemeinsamen Unterricht<\/li>\n<li>kein Sitzenbleiben bis Klasse 9<\/li>\n<li>Neigungsdifferenzierung ab Klasse 6<\/li>\n<li>intensive Schullaufbahnberatung durch Lehrerinnen und Lehrer und zwei Sozialp\u00e4dagogen<\/li>\n<li>intensive Vorbereitung auf den \u00dcbergang von Schule und Beruf (beginnend mit Klasse 8) mit vielen Kontakten zur heimischen Wirtschaft<\/li>\n<li>die Ausbildung praktischer F\u00e4higkeiten in unserem gro\u00dfen Technikbereich<\/li>\n<li>die F\u00f6rderung musicher Potentiale im Bereich Darstellen und Gestalten<\/li>\n<li>die Fremdsprachen Englisch, Franz\u00f6sich, Spanisch und Latein<\/li>\n<li>entdeckendes Lernen im naturwissenschaftlichen Bereich<\/li>\n<li>den EDV F\u00fchrerschein des Landes NRW<\/li>\n<li>viele Arbeitsgemeinschaften im Freizeitbereich<\/li>\n<li>w\u00f6chentliche Hausaufgabenbetreuung<\/li>\n<li>Arbeitsstunden und Klassenarbeitsgemeinschaften<\/li>\n<li>eine Mensa mit t\u00e4glich frischem Angebot<\/li>\n<li>ein gro\u00dfz\u00fcgiges Schulgel\u00e4nde mit Skaterbahn und Kletterwand<\/li>\n<li>die Vergabe aller Schulabschl\u00fcsse<\/li>\n<li>das Abitur nach 13 Schuljahren (bei uns kein G8)<\/li>\n<li>individuelle F\u00f6rderung<\/li>\n<\/ul>\n<p><a title=\"Ansprechpartner\" href=\"https:\/\/www.old-gss-dt.de\/wordpress\/?page_id=179\">Ansprechpartner<\/a><\/p>\n<p><a title=\"Elternbriefe\" href=\"https:\/\/www.old-gss-dt.de\/wordpress\/?page_id=187\">Elternbriefe<\/a><\/p>\n<p><a title=\"Schlie\u00dffach\" href=\"https:\/\/www.old-gss-dt.de\/wordpress\/?page_id=190\">Schlie\u00dffach<\/a><\/p>\n","protected":false},"excerpt":{"rendered":"<p>70% der Abiturienten an Gesamtschulen h\u00e4tten nach den Prognosen ihrer Grundschulen kein Abitur gemacht! Wir erm\u00f6glichen Ihren Kindern eine vielf\u00e4ltige Entwicklung durch: ein Klassenlehrerteam in jeder Klasse intensive Sprachf\u00f6rderung f\u00fcr alle Kinder auf Wunsch Gemeinsamen Unterricht kein Sitzenbleiben bis Klasse &hellip; <a href=\"https:\/\/www.old-gss-dt.de\/wordpress\/eltern\/\">Continue reading <span class=\"meta-nav\">&rarr;<\/span><\/a><\/p>\n","protected":false},"author":1,"featured_media":0,"parent":0,"menu_order":0,"comment_status":"closed","ping_status":"closed","template":"","meta":[],"_links":{"self":[{"href":"https:\/\/www.old-gss-dt.de\/wordpress\/wp-json\/wp\/v2\/pages\/176"}],"collection":[{"href":"https:\/\/www.old-gss-dt.de\/wordpress\/wp-json\/wp\/v2\/pages"}],"about":[{"href":"https:\/\/www.old-gss-dt.de\/wordpress\/wp-json\/wp\/v2\/types\/page"}],"author":[{"embeddable":true,"href":"https:\/\/www.old-gss-dt.de\/wordpress\/wp-json\/wp\/v2\/users\/1"}],"replies":[{"embeddable":true,"href":"https:\/\/www.old-gss-dt.de\/wordpress\/wp-json\/wp\/v2\/comments?post=176"}],"version-history":[{"count":4,"href":"https:\/\/www.old-gss-dt.de\/wordpress\/wp-json\/wp\/v2\/pages\/176\/revisions"}],"predecessor-version":[{"id":726,"href":"https:\/\/www.old-gss-dt.de\/wordpress\/wp-json\/wp\/v2\/pages\/176\/revisions\/726"}],"wp:attachment":[{"href":"https:\/\/www.old-gss-dt.de\/wordpress\/wp-json\/wp\/v2\/media?parent=176"}],"curies":[{"name":"wp","href":"https:\/\/api.w.org\/{rel}","templated":true}]}}