{"id":154,"date":"2011-07-03T16:11:41","date_gmt":"2011-07-03T14:11:41","guid":{"rendered":"http:\/\/www.gss-dt.de\/wordpress\/?page_id=154"},"modified":"2011-07-03T22:50:07","modified_gmt":"2011-07-03T20:50:07","slug":"bus-klasse","status":"publish","type":"page","link":"https:\/\/www.old-gss-dt.de\/wordpress\/bus-klasse\/","title":{"rendered":"BuS Klasse"},"content":{"rendered":"<p>Seit dem Schuljahr 2004\/2005 gibt es an der Geschwister-Scholl-Gesamtschule eine BuS-Klasse. Das K\u00fcrzel BuS steht f\u00fcr Betrieb und Schule (an unserer Schule ist das die Klasse 9 p).<\/p>\n<div>\n<div>\n<p>Das BuS-Projekt gibt es seit einigen Jahren und wurde vom Landesarbeitsamt initiiert um Sch\u00fclern, die im neunten Schulbesuchsjahr keine Versetzung in die Klasse 10 erreicht haben, die M\u00f6glichkeit zu bieten auf dem Arbeitsmarkt einen Platz zu finden.<\/p>\n<\/div>\n<div>\n<p>Neben einer Leistungsschw\u00e4che ist h\u00e4ufig festzustellen, dass sich bei diesen Sch\u00fclern eine Schulm\u00fcdigkeit eingestellt hat. Beides f\u00fchrt dazu, dass Abschl\u00fcsse nicht erreicht werden. Beide Gruppen sind in der BuS-Klasse mit maximal 15 Sch\u00fclern gut aufgehoben.<\/p>\n<\/div>\n<div>\n<p>Einerseits wird in dieser Klasse ein Unterricht angeboten, dessen Stundenumfang reduziert ist und dessen Inhalte auf das Berufsleben abgestimmt sind. Andererseits lernen Sch\u00fcler Betriebe kennen und k\u00f6nnen trotz schlechter Zeugnisse ihren Chefs beweisen, dass sie durchaus in der Lage sind die betrieblichen Anforderungen zu erf\u00fcllen. Bei erfolgreicher schulischer Mitarbeit kann au\u00dferdem der Hauptschulabschluss nach Klasse 9 erreicht werden.<\/p>\n<\/div>\n<div>\n<p>Im Landesdurchschnitt konnten ca. 50 % der Sch\u00fcler einen Arbeits- oder Ausbildungsplatz finden und ca. 80 % haben den Schulabschluss erreicht. Damit er\u00f6ffnen sich den BuS-Sch\u00fclern Perspektiven, die sie in einer Regelklasse nicht gehabt h\u00e4tten.<\/p>\n<\/div>\n<\/div>\n<p>Zur\u00fcck zu\u00a0<a title=\"Sch\u00fcler\" href=\"https:\/\/www.old-gss-dt.de\/wordpress\/?page_id=107\">Sch\u00fcler<\/a><\/p>\n","protected":false},"excerpt":{"rendered":"<p>Seit dem Schuljahr 2004\/2005 gibt es an der Geschwister-Scholl-Gesamtschule eine BuS-Klasse. Das K\u00fcrzel BuS steht f\u00fcr Betrieb und Schule (an unserer Schule ist das die Klasse 9 p). Das BuS-Projekt gibt es seit einigen Jahren und wurde vom Landesarbeitsamt initiiert &hellip; <a href=\"https:\/\/www.old-gss-dt.de\/wordpress\/bus-klasse\/\">Continue reading <span class=\"meta-nav\">&rarr;<\/span><\/a><\/p>\n","protected":false},"author":1,"featured_media":0,"parent":0,"menu_order":0,"comment_status":"closed","ping_status":"closed","template":"","meta":[],"_links":{"self":[{"href":"https:\/\/www.old-gss-dt.de\/wordpress\/wp-json\/wp\/v2\/pages\/154"}],"collection":[{"href":"https:\/\/www.old-gss-dt.de\/wordpress\/wp-json\/wp\/v2\/pages"}],"about":[{"href":"https:\/\/www.old-gss-dt.de\/wordpress\/wp-json\/wp\/v2\/types\/page"}],"author":[{"embeddable":true,"href":"https:\/\/www.old-gss-dt.de\/wordpress\/wp-json\/wp\/v2\/users\/1"}],"replies":[{"embeddable":true,"href":"https:\/\/www.old-gss-dt.de\/wordpress\/wp-json\/wp\/v2\/comments?post=154"}],"version-history":[{"count":3,"href":"https:\/\/www.old-gss-dt.de\/wordpress\/wp-json\/wp\/v2\/pages\/154\/revisions"}],"predecessor-version":[{"id":374,"href":"https:\/\/www.old-gss-dt.de\/wordpress\/wp-json\/wp\/v2\/pages\/154\/revisions\/374"}],"wp:attachment":[{"href":"https:\/\/www.old-gss-dt.de\/wordpress\/wp-json\/wp\/v2\/media?parent=154"}],"curies":[{"name":"wp","href":"https:\/\/api.w.org\/{rel}","templated":true}]}}