{"id":151,"date":"2011-07-03T16:11:11","date_gmt":"2011-07-03T14:11:11","guid":{"rendered":"http:\/\/www.gss-dt.de\/wordpress\/?page_id=151"},"modified":"2011-11-07T21:08:50","modified_gmt":"2011-11-07T20:08:50","slug":"schule-und-beruf","status":"publish","type":"page","link":"https:\/\/www.old-gss-dt.de\/wordpress\/schule-und-beruf\/","title":{"rendered":"Schule und Beruf"},"content":{"rendered":"<div>\n<p style=\"text-align: left;\" align=\"center\">Auf den folgenden Unterseiten findest du umfangreiche Informationen zum Thema Berufsqualifikation (nachfolgend BQ abgek\u00fcrzt).<\/p>\n<p style=\"text-align: left;\" align=\"center\">Die Infos sind gegliedert in die Bereiche<\/p>\n<p style=\"text-align: left;\" align=\"center\"><a href=\"https:\/\/www.old-gss-dt.de\/wordpress\/?page_id=1170\"> Sek I<\/a><\/p>\n<p style=\"text-align: left;\" align=\"center\"><a href=\"https:\/\/www.old-gss-dt.de\/wordpress\/?page_id=157\">Sek II <\/a><\/p>\n<p style=\"text-align: left;\" align=\"center\">und f\u00fcr Sch\u00fcler ohne Abschluss (<a href=\"https:\/\/www.old-gss-dt.de\/wordpress\/?page_id=154\">BuS-Klasse<\/a>).<\/p>\n<\/div>\n","protected":false},"excerpt":{"rendered":"<p>Auf den folgenden Unterseiten findest du umfangreiche Informationen zum Thema Berufsqualifikation (nachfolgend BQ abgek\u00fcrzt). Die Infos sind gegliedert in die Bereiche Sek I Sek II und f\u00fcr Sch\u00fcler ohne Abschluss (BuS-Klasse).<\/p>\n","protected":false},"author":1,"featured_media":0,"parent":0,"menu_order":0,"comment_status":"closed","ping_status":"closed","template":"","meta":[],"_links":{"self":[{"href":"https:\/\/www.old-gss-dt.de\/wordpress\/wp-json\/wp\/v2\/pages\/151"}],"collection":[{"href":"https:\/\/www.old-gss-dt.de\/wordpress\/wp-json\/wp\/v2\/pages"}],"about":[{"href":"https:\/\/www.old-gss-dt.de\/wordpress\/wp-json\/wp\/v2\/types\/page"}],"author":[{"embeddable":true,"href":"https:\/\/www.old-gss-dt.de\/wordpress\/wp-json\/wp\/v2\/users\/1"}],"replies":[{"embeddable":true,"href":"https:\/\/www.old-gss-dt.de\/wordpress\/wp-json\/wp\/v2\/comments?post=151"}],"version-history":[{"count":20,"href":"https:\/\/www.old-gss-dt.de\/wordpress\/wp-json\/wp\/v2\/pages\/151\/revisions"}],"predecessor-version":[{"id":259,"href":"https:\/\/www.old-gss-dt.de\/wordpress\/wp-json\/wp\/v2\/pages\/151\/revisions\/259"}],"wp:attachment":[{"href":"https:\/\/www.old-gss-dt.de\/wordpress\/wp-json\/wp\/v2\/media?parent=151"}],"curies":[{"name":"wp","href":"https:\/\/api.w.org\/{rel}","templated":true}]}}