{"id":148,"date":"2011-07-03T16:10:14","date_gmt":"2011-07-03T14:10:14","guid":{"rendered":"http:\/\/www.gss-dt.de\/wordpress\/?page_id=148"},"modified":"2011-07-03T16:10:14","modified_gmt":"2011-07-03T14:10:14","slug":"geschichte-des-tintenklex","status":"publish","type":"page","link":"https:\/\/www.old-gss-dt.de\/wordpress\/geschichte-des-tintenklex\/","title":{"rendered":"Geschichte des Tintenklex"},"content":{"rendered":"<div>\n<p>In den Anfangsjahren unserer Schule kam etwa jedes dritte Kind nicht aus der Gro\u00dfgemeinde Detmold, sondern nahm wegen des Schulbesuchs l\u00e4ngere Anfahrtswege in Kauf. Dies hatte zur Folge, dass viele Sch\u00fclerinnen und Sch\u00fcler erst am sp\u00e4ten Nachmittag zur\u00fcck in ihren Heimatorten ankamen.<\/p>\n<\/div>\n<div>\n<p>Die Gesamtschule als Ganztagsschule wurde damit f\u00fcr diese Kinder Lebensort.<\/p>\n<\/div>\n<div>\n<p>Verst\u00e4ndlich, dass sich einzelne Lehrerinnen und Lehrer mit dem Gedanken trugen, als Folge dessen alles das, was die Sch\u00fcler werkt\u00e4glich ben\u00f6tigen, auch in der Schule bereitzustellen. Dieses wurde auch von der Sch\u00fclerseite gew\u00fcnscht; und zwar besonders von denjenigen Sch\u00fclerinnen und Sch\u00fclern, die entweder in l\u00e4ndlichen Gemeinden bzw. in Detmolder Vororten beheimatet waren, weil sie dort den erforderlichen Schulbedarf gar nicht oder nur unter Schwierigkeiten erhielten.<\/p>\n<\/div>\n<div>\n<p>Deshalb konnte der TINTENKLEX sehr bald von sich behaupten:<\/p>\n<\/div>\n<div>\n<p>Im Tintenklex gekauft ist gut gekauft!<\/p>\n<\/div>\n<div>\n<p>Wer w\u00e4hrend der Schulzeit in unserem TINTENKLEX einkauft, muss nachmittags nichts mehr besorgen und hat mehr von seiner Freizeit. Zudem befindet sich der TINTENKLEX im Herzen unserer Schule. So kann man im TINTENKLEX auch schnell noch kaufen, was man in der n\u00e4chsten Unterrichtsstunde dringend ben\u00f6tigt.<\/p>\n<\/div>\n<div>\n<p>Zudem ist das Warenangebot mit den einzelnen Fachbereichen abgesprochen. Der TINTENKLEX f\u00fchrt demnach die Artikel, mit denen die Lehrerinnen und Lehrer unserer Schule im Unterricht arbeiten m\u00f6chten.<\/p>\n<\/div>\n<div>\n<p>Dass wir um den Verkauf umweltfreundliche Produkte bem\u00fcht sind, versteht sich von selbst.<\/p>\n<\/div>\n<div>\n<p>Zugleich sah der Fachbereich &#8222;Wirtschaftslehre&#8220; in einer derartigen Einrichtung eine M\u00f6glichkeit, Sch\u00fcler\/innen an das F\u00fchren einer Verkaufsstelle mit all ihren Erfordernissen in enger Bindung an den theoretischen Unterricht heranzuf\u00fchren. F\u00fcr die den TINTENKLEX betreuenden Sch\u00fclerinnen und Sch\u00fcler bedeutete das praxis-orientiertes Lernen.<\/p>\n<\/div>\n<div>\n<p>Bis 1998 wurde das Gesch\u00e4ft von einem lippischen Schreibwarenh\u00e4ndler als Projekt (mit-) getragen. Am Tag der offenen T\u00fcr wurden wir von dem H\u00e4ndler liebevoll in unserer Arbeit unterst\u00fctzt, und wir konnten an diesen Samstagen unser Angebot um p\u00e4dagogische, didaktische und Kinderliteratur erweitern. Weil aber die j\u00e4hrliche Inventur dem H\u00e4ndler buchf\u00fchrungstechnisch zu viel Arbeit verursachte, trat er nach fast zehn Jahren von dem Projekt mit den Worten zur\u00fcck: &#8222;Dass Sie so lange durchhalten, hatte ich anfangs nicht erwartet. Dies hat noch keine Schule vor Ihnen geschafft.&#8220;<\/p>\n<\/div>\n<div>\n<p>Da aber der TINTENKLEX inzwischen zum Bild der Schule geh\u00f6rte und nach wie vor von Sch\u00fclern, Eltern und Lehrern gew\u00fcnscht wird, sollte er nicht so einfach wieder verschwinden.<\/p>\n<\/div>\n<div>\n<p>Als Folge wurde am 25. Juni 1998 der TINTENKLEX bei der Stadt Detmold unter dem Aktenzeichen 13793 vom F\u00f6rderverein unserer Schule als Gewerbe angemeldet und damit auf neue F\u00fc\u00dfe gestellt.<\/p>\n<\/div>\n<div>\n<p>Seitdem erfolgt der Einkauf der Waren im Gro\u00dfhandel, wobei die im TINTENKLEX arbeitenden Sch\u00fclerinnen und Sch\u00fcler die Einkaufspreise vergleichen, anschlie\u00dfend Handelsspannen kalkulieren und die Verkaufspreise festsetzen. Nach wie vor gibt es am Jahresende eine Inventur; doch jetzt m\u00fcssen die Sch\u00fclerinnen und Sch\u00fcler unter Anleitung des Lehrers den Jahresumsatz ermitteln und mit den Einnahmen vergleichen und den Ausgaben gegen\u00fcberstellen. Sie stellen dabei auch fest, welche Artikel, die mit den Fachkonferenzen abgesprochen sind, sich nur z\u00f6gerlich und welche ganz aus dem Warensortiment zu nehmen sind. Das auch das Kassenbuch und ein Journal zu f\u00fchren sind, ist selbstverst\u00e4ndlich. Schlie\u00dflich f\u00fchren die so engagierten Sch\u00fclerinnen und Sch\u00fcler als Arbeitsgemeinschaft eine Einzelhandes-Firma.<\/p>\n<\/div>\n<div>\n<p>Dadurch, dass Sch\u00fcler immer wieder durch Aktionen wie Plakatwerbung, Auslagengestaltung etc. auf den TINTENKLEX aufmerksam machen, erhalten sie auch Einblicke in den Bereich Werbung und Promotion eines Unternehmens.<\/p>\n<\/div>\n<div>\n<p>F\u00fcr unsere Sch\u00fclerinnen und Sch\u00fcler bedeutet das aber letztlich:<\/p>\n<\/div>\n<div>\n<p>&#8230; weil wir keine Gewinne erwirtschaften wollen,<\/p>\n<\/div>\n<div>\n<p>k\u00f6nnen wir unsere Waren zu besonders g\u00fcnstigen Preisen anbieten,<\/p>\n<\/div>\n<div>\n<p>die fast Gro\u00dfhandelspreisen entsprechen.<\/p>\n<\/div>\n<div>\n<p>Im Tintenklex gekauft, hei\u00dft richtig g\u00fcnstig gekauft!<\/p>\n<\/div>\n<div>\n<p>Der Tintenklex ist eine Initiative und erfolgt in Tr\u00e4gerschaft des Vereins der Freunde und F\u00f6rderer der Geschwister-Scholl-Gesamtschule Detmold e.V., Sprottauer Stra\u00dfe 9, D &#8211; 32756 Detmold Tel.: (05231) 6407-0 Fax: (05231) 640729<\/p>\n<\/div>\n","protected":false},"excerpt":{"rendered":"<p>In den Anfangsjahren unserer Schule kam etwa jedes dritte Kind nicht aus der Gro\u00dfgemeinde Detmold, sondern nahm wegen des Schulbesuchs l\u00e4ngere Anfahrtswege in Kauf. Dies hatte zur Folge, dass viele Sch\u00fclerinnen und Sch\u00fcler erst am sp\u00e4ten Nachmittag zur\u00fcck in ihren &hellip; <a href=\"https:\/\/www.old-gss-dt.de\/wordpress\/geschichte-des-tintenklex\/\">Continue reading <span class=\"meta-nav\">&rarr;<\/span><\/a><\/p>\n","protected":false},"author":1,"featured_media":0,"parent":0,"menu_order":0,"comment_status":"closed","ping_status":"closed","template":"","meta":[],"_links":{"self":[{"href":"https:\/\/www.old-gss-dt.de\/wordpress\/wp-json\/wp\/v2\/pages\/148"}],"collection":[{"href":"https:\/\/www.old-gss-dt.de\/wordpress\/wp-json\/wp\/v2\/pages"}],"about":[{"href":"https:\/\/www.old-gss-dt.de\/wordpress\/wp-json\/wp\/v2\/types\/page"}],"author":[{"embeddable":true,"href":"https:\/\/www.old-gss-dt.de\/wordpress\/wp-json\/wp\/v2\/users\/1"}],"replies":[{"embeddable":true,"href":"https:\/\/www.old-gss-dt.de\/wordpress\/wp-json\/wp\/v2\/comments?post=148"}],"version-history":[{"count":1,"href":"https:\/\/www.old-gss-dt.de\/wordpress\/wp-json\/wp\/v2\/pages\/148\/revisions"}],"predecessor-version":[{"id":149,"href":"https:\/\/www.old-gss-dt.de\/wordpress\/wp-json\/wp\/v2\/pages\/148\/revisions\/149"}],"wp:attachment":[{"href":"https:\/\/www.old-gss-dt.de\/wordpress\/wp-json\/wp\/v2\/media?parent=148"}],"curies":[{"name":"wp","href":"https:\/\/api.w.org\/{rel}","templated":true}]}}