{"id":145,"date":"2011-07-03T16:09:28","date_gmt":"2011-07-03T14:09:28","guid":{"rendered":"http:\/\/www.gss-dt.de\/wordpress\/?page_id=145"},"modified":"2011-07-03T16:09:28","modified_gmt":"2011-07-03T14:09:28","slug":"tintenklex","status":"publish","type":"page","link":"https:\/\/www.old-gss-dt.de\/wordpress\/tintenklex\/","title":{"rendered":"Tintenklex"},"content":{"rendered":"<div>\n<dl id=\"attachment_159\">\n<dt><\/dt>\n<\/dl>\n<dl id=\"attachment_159\">\n<div id=\"attachment_27\" style=\"width: 310px\" class=\"wp-caption alignnone\"><img aria-describedby=\"caption-attachment-27\" decoding=\"async\" loading=\"lazy\" class=\"size-full wp-image-27\" title=\"Tintenklex\" src=\"https:\/\/www.old-gss-dt.de\/wordpress\/wp-content\/uploads\/2011\/07\/Tintenklex.jpg\" alt=\"\" width=\"300\" height=\"211\" \/><p id=\"caption-attachment-27\" class=\"wp-caption-text\">Sch\u00fcler beim Verkauf in der Pause<\/p><\/div>\n<\/dl>\n<dl>Der\u00a0Tintenklex\u00a0ist der Verkauf von Schreib- und Zeichenwaren durch Sch\u00fcler an Sch\u00fcler in den R\u00e4umen unserer Schule w\u00e4hrend der Schulzeit.<br \/>\nF\u00fcr eine genaue Beschreibung bitte\u00a0hier klicken.<\/p>\n<\/dl>\n<\/div>\n<p>&nbsp;<\/p>\n","protected":false},"excerpt":{"rendered":"<p>Der\u00a0Tintenklex\u00a0ist der Verkauf von Schreib- und Zeichenwaren durch Sch\u00fcler an Sch\u00fcler in den R\u00e4umen unserer Schule w\u00e4hrend der Schulzeit. F\u00fcr eine genaue Beschreibung bitte\u00a0hier klicken. &nbsp;<\/p>\n","protected":false},"author":1,"featured_media":0,"parent":0,"menu_order":0,"comment_status":"closed","ping_status":"closed","template":"","meta":[],"_links":{"self":[{"href":"https:\/\/www.old-gss-dt.de\/wordpress\/wp-json\/wp\/v2\/pages\/145"}],"collection":[{"href":"https:\/\/www.old-gss-dt.de\/wordpress\/wp-json\/wp\/v2\/pages"}],"about":[{"href":"https:\/\/www.old-gss-dt.de\/wordpress\/wp-json\/wp\/v2\/types\/page"}],"author":[{"embeddable":true,"href":"https:\/\/www.old-gss-dt.de\/wordpress\/wp-json\/wp\/v2\/users\/1"}],"replies":[{"embeddable":true,"href":"https:\/\/www.old-gss-dt.de\/wordpress\/wp-json\/wp\/v2\/comments?post=145"}],"version-history":[{"count":1,"href":"https:\/\/www.old-gss-dt.de\/wordpress\/wp-json\/wp\/v2\/pages\/145\/revisions"}],"predecessor-version":[{"id":146,"href":"https:\/\/www.old-gss-dt.de\/wordpress\/wp-json\/wp\/v2\/pages\/145\/revisions\/146"}],"wp:attachment":[{"href":"https:\/\/www.old-gss-dt.de\/wordpress\/wp-json\/wp\/v2\/media?parent=145"}],"curies":[{"name":"wp","href":"https:\/\/api.w.org\/{rel}","templated":true}]}}