{"id":1373,"date":"2011-11-30T23:20:33","date_gmt":"2011-11-30T22:20:33","guid":{"rendered":"http:\/\/www.gss-dt.de\/wordpress\/?page_id=1373"},"modified":"2011-11-30T23:27:01","modified_gmt":"2011-11-30T22:27:01","slug":"schulhymne-2","status":"publish","type":"page","link":"https:\/\/www.old-gss-dt.de\/wordpress\/schulhymne-2\/","title":{"rendered":"Schulhymne"},"content":{"rendered":"<h2><strong>Eine Schule f\u00fcr alle \u2013 ein Motto der Geschwister-Scholl-Schule<\/strong><\/h2>\n<div id=\"attachment_1375\" style=\"width: 460px\" class=\"wp-caption alignnone\"><a href=\"https:\/\/www.old-gss-dt.de\/wordpress\/wp-content\/uploads\/2011\/11\/Produktion_Schulhymne.jpg\"><img aria-describedby=\"caption-attachment-1375\" decoding=\"async\" loading=\"lazy\" class=\"size-full wp-image-1375\" title=\"Produktion_Schulhymne\" src=\"https:\/\/www.old-gss-dt.de\/wordpress\/wp-content\/uploads\/2011\/11\/Produktion_Schulhymne.jpg\" alt=\"\" width=\"450\" height=\"280\" srcset=\"https:\/\/www.old-gss-dt.de\/wordpress\/wp-content\/uploads\/2011\/11\/Produktion_Schulhymne.jpg 450w, https:\/\/www.old-gss-dt.de\/wordpress\/wp-content\/uploads\/2011\/11\/Produktion_Schulhymne-300x186.jpg 300w\" sizes=\"(max-width: 450px) 100vw, 450px\" \/><\/a><p id=\"caption-attachment-1375\" class=\"wp-caption-text\">Aufnahme l\u00e4uft!<\/p><\/div>\n<p>F\u00fcr die Projekttage 2010 komponierte Musiklehrer Martin Rudkowski eine Schulhymne. In nur zwei Tagen haben Sch\u00fclerinnen und Sch\u00fcler des damaligen 6. Jahrgangs den Song einstudiert und aufgenommen.<\/p>\n<p><a href=\"https:\/\/www.old-gss-dt.de\/wordpress\/03_Audio\/Eine_Schule_fuer_alle.mp3\" target=\"_blank\">Schulhymne anh\u00f6ren<\/a><\/p>\n<p><a href=\"https:\/\/www.old-gss-dt.de\/wordpress\/wp-content\/uploads\/2011\/11\/Eine_Schule_f%C3%BCr_alle_Text.pdf\" target=\"_blank\">Eine_Schule_f\u00fcr_alle_Text<\/a><\/p>\n","protected":false},"excerpt":{"rendered":"<p>Eine Schule f\u00fcr alle \u2013 ein Motto der Geschwister-Scholl-Schule F\u00fcr die Projekttage 2010 komponierte Musiklehrer Martin Rudkowski eine Schulhymne. In nur zwei Tagen haben Sch\u00fclerinnen und Sch\u00fcler des damaligen 6. Jahrgangs den Song einstudiert und aufgenommen. Schulhymne anh\u00f6ren Eine_Schule_f\u00fcr_alle_Text<\/p>\n","protected":false},"author":1,"featured_media":0,"parent":0,"menu_order":0,"comment_status":"closed","ping_status":"closed","template":"","meta":[],"_links":{"self":[{"href":"https:\/\/www.old-gss-dt.de\/wordpress\/wp-json\/wp\/v2\/pages\/1373"}],"collection":[{"href":"https:\/\/www.old-gss-dt.de\/wordpress\/wp-json\/wp\/v2\/pages"}],"about":[{"href":"https:\/\/www.old-gss-dt.de\/wordpress\/wp-json\/wp\/v2\/types\/page"}],"author":[{"embeddable":true,"href":"https:\/\/www.old-gss-dt.de\/wordpress\/wp-json\/wp\/v2\/users\/1"}],"replies":[{"embeddable":true,"href":"https:\/\/www.old-gss-dt.de\/wordpress\/wp-json\/wp\/v2\/comments?post=1373"}],"version-history":[{"count":7,"href":"https:\/\/www.old-gss-dt.de\/wordpress\/wp-json\/wp\/v2\/pages\/1373\/revisions"}],"predecessor-version":[{"id":1383,"href":"https:\/\/www.old-gss-dt.de\/wordpress\/wp-json\/wp\/v2\/pages\/1373\/revisions\/1383"}],"wp:attachment":[{"href":"https:\/\/www.old-gss-dt.de\/wordpress\/wp-json\/wp\/v2\/media?parent=1373"}],"curies":[{"name":"wp","href":"https:\/\/api.w.org\/{rel}","templated":true}]}}