{"id":133,"date":"2011-07-03T15:58:46","date_gmt":"2011-07-03T13:58:46","guid":{"rendered":"http:\/\/www.gss-dt.de\/wordpress\/?page_id=133"},"modified":"2011-07-03T16:23:40","modified_gmt":"2011-07-03T14:23:40","slug":"schulband","status":"publish","type":"page","link":"https:\/\/www.old-gss-dt.de\/wordpress\/schulband\/","title":{"rendered":"Schulband"},"content":{"rendered":"<p>Es gibt zwei Bands, eine f\u00fcr Sch\u00fcler des Jahrgangs 5-7, und eine f\u00fcr die \u00e4lteren Sch\u00fcler.<\/p>\n<p>Herr Kloppenburg stellt im Schuljahr 2011\/2012 eine neue Newcomer-Band zusammen. Die Band f\u00fcr die \u00e4lteren Sch\u00fcler wird geleitet von Herrn Rudkowski.<\/p>\n<div id=\"attachment_26\" style=\"width: 460px\" class=\"wp-caption alignnone\"><img aria-describedby=\"caption-attachment-26\" decoding=\"async\" loading=\"lazy\" class=\"size-full wp-image-26\" title=\"Schulband_2011\" src=\"https:\/\/www.old-gss-dt.de\/wordpress\/wp-content\/uploads\/2011\/07\/Schulband_2011.jpg\" alt=\"\" width=\"450\" height=\"183\" srcset=\"https:\/\/www.old-gss-dt.de\/wordpress\/wp-content\/uploads\/2011\/07\/Schulband_2011.jpg 450w, https:\/\/www.old-gss-dt.de\/wordpress\/wp-content\/uploads\/2011\/07\/Schulband_2011-300x122.jpg 300w\" sizes=\"(max-width: 450px) 100vw, 450px\" \/><p id=\"caption-attachment-26\" class=\"wp-caption-text\">Schulband live im PSS 2011<\/p><\/div>\n<p>&nbsp;<\/p>\n","protected":false},"excerpt":{"rendered":"<p>Es gibt zwei Bands, eine f\u00fcr Sch\u00fcler des Jahrgangs 5-7, und eine f\u00fcr die \u00e4lteren Sch\u00fcler. Herr Kloppenburg stellt im Schuljahr 2011\/2012 eine neue Newcomer-Band zusammen. Die Band f\u00fcr die \u00e4lteren Sch\u00fcler wird geleitet von Herrn Rudkowski. &nbsp;<\/p>\n","protected":false},"author":1,"featured_media":0,"parent":0,"menu_order":0,"comment_status":"closed","ping_status":"closed","template":"","meta":[],"_links":{"self":[{"href":"https:\/\/www.old-gss-dt.de\/wordpress\/wp-json\/wp\/v2\/pages\/133"}],"collection":[{"href":"https:\/\/www.old-gss-dt.de\/wordpress\/wp-json\/wp\/v2\/pages"}],"about":[{"href":"https:\/\/www.old-gss-dt.de\/wordpress\/wp-json\/wp\/v2\/types\/page"}],"author":[{"embeddable":true,"href":"https:\/\/www.old-gss-dt.de\/wordpress\/wp-json\/wp\/v2\/users\/1"}],"replies":[{"embeddable":true,"href":"https:\/\/www.old-gss-dt.de\/wordpress\/wp-json\/wp\/v2\/comments?post=133"}],"version-history":[{"count":3,"href":"https:\/\/www.old-gss-dt.de\/wordpress\/wp-json\/wp\/v2\/pages\/133\/revisions"}],"predecessor-version":[{"id":173,"href":"https:\/\/www.old-gss-dt.de\/wordpress\/wp-json\/wp\/v2\/pages\/133\/revisions\/173"}],"wp:attachment":[{"href":"https:\/\/www.old-gss-dt.de\/wordpress\/wp-json\/wp\/v2\/media?parent=133"}],"curies":[{"name":"wp","href":"https:\/\/api.w.org\/{rel}","templated":true}]}}