{"id":130,"date":"2011-07-03T15:57:07","date_gmt":"2011-07-03T13:57:07","guid":{"rendered":"http:\/\/www.gss-dt.de\/wordpress\/?page_id=130"},"modified":"2011-09-07T12:50:22","modified_gmt":"2011-09-07T10:50:22","slug":"mofa","status":"publish","type":"page","link":"https:\/\/www.old-gss-dt.de\/wordpress\/mofa\/","title":{"rendered":"Mofa"},"content":{"rendered":"<div>\n<h1>Mofa 25 \u2013 Pr\u00fcfbescheinigung machen an der\u00a0 GSS<\/h1>\n<div id=\"attachment_964\" style=\"width: 510px\" class=\"wp-caption alignnone\"><a href=\"https:\/\/www.old-gss-dt.de\/wordpress\/wp-content\/uploads\/2011\/07\/2011-09_Mofa.jpg\"><img aria-describedby=\"caption-attachment-964\" decoding=\"async\" loading=\"lazy\" class=\"size-full wp-image-964  \" title=\"2011-09_Mofa\" src=\"https:\/\/www.old-gss-dt.de\/wordpress\/wp-content\/uploads\/2011\/07\/2011-09_Mofa.jpg\" alt=\"\" width=\"500\" height=\"348\" srcset=\"https:\/\/www.old-gss-dt.de\/wordpress\/wp-content\/uploads\/2011\/07\/2011-09_Mofa.jpg 500w, https:\/\/www.old-gss-dt.de\/wordpress\/wp-content\/uploads\/2011\/07\/2011-09_Mofa-300x208.jpg 300w\" sizes=\"(max-width: 500px) 100vw, 500px\" \/><\/a><p id=\"caption-attachment-964\" class=\"wp-caption-text\">Seit Jahren werden Mofakurse an der Geschwister-Scholl-Schuleangeboten. Die Kurse sind bei den Sch\u00fclerinnen und Sch\u00fclern sehr begehrt. Kein Wunder bei den geringen Kosten von nur 20\u20ac.<\/p><\/div>\n<p>F\u00fcr diesen Beitrag darf man an dem Kurs teilnehmen, der ein Schulhalbjahr dauert.<\/p>\n<p>\u00dcbungsb\u00f6gen, die Fahrstunden und die praktische Pr\u00fcfung sind inklusive.<\/p>\n<p>Die theoretische Pr\u00fcfung wird beim T\u00dcV Detmold-Orbke am Computer absolviert. Diese kostet noch einmal 22,08\u20ac (Wiederholungspr\u00fcfung 14,28\u20ac).<\/p>\n<p>Aber auch jemand, der nicht an der theoretischen Pr\u00fcfung teilnehmen m\u00f6chte, kann f\u00fcr den Grundbetrag an der AG teilnehmen.<\/p>\n<p><strong>Wie meldet man sich an?<\/strong><\/p>\n<p>Ihr solltet am Anfang des Schulhalbjahres mindestens 14 Jahre und 3 Monate alt sein.<\/p>\n<p>Dann gebt ihr m\u00f6glichst im Laufe des vorherigen Schulhalbjahres, sp\u00e4testen bis zur 2. Woche des Halbjahres in dem der Mofakurs stattfindet, einen Briefumschlag<\/p>\n<p>mit dem <strong>Betrag von 20\u20ac, Namen, aktuelle Klasse und Geburtsdatum<\/strong><\/p>\n<p>an Herrn M\u00fcller oder Herrn Rauch.<\/p>\n<p><strong>Habt ihr noch Fragen? Wendet euch an Herrn M\u00fcller (Physik-Vorbereitung Raum 255).<\/strong><\/p>\n<p>Nat\u00fcrlich hat man eine Menge Spa\u00df, besonders w\u00e4hrend der Fahr\u00fcbungen.<\/p>\n<\/div>\n","protected":false},"excerpt":{"rendered":"<p>Mofa 25 \u2013 Pr\u00fcfbescheinigung machen an der\u00a0 GSS F\u00fcr diesen Beitrag darf man an dem Kurs teilnehmen, der ein Schulhalbjahr dauert. \u00dcbungsb\u00f6gen, die Fahrstunden und die praktische Pr\u00fcfung sind inklusive. Die theoretische Pr\u00fcfung wird beim T\u00dcV Detmold-Orbke am Computer absolviert. &hellip; <a href=\"https:\/\/www.old-gss-dt.de\/wordpress\/mofa\/\">Continue reading <span class=\"meta-nav\">&rarr;<\/span><\/a><\/p>\n","protected":false},"author":1,"featured_media":0,"parent":0,"menu_order":0,"comment_status":"closed","ping_status":"closed","template":"","meta":[],"_links":{"self":[{"href":"https:\/\/www.old-gss-dt.de\/wordpress\/wp-json\/wp\/v2\/pages\/130"}],"collection":[{"href":"https:\/\/www.old-gss-dt.de\/wordpress\/wp-json\/wp\/v2\/pages"}],"about":[{"href":"https:\/\/www.old-gss-dt.de\/wordpress\/wp-json\/wp\/v2\/types\/page"}],"author":[{"embeddable":true,"href":"https:\/\/www.old-gss-dt.de\/wordpress\/wp-json\/wp\/v2\/users\/1"}],"replies":[{"embeddable":true,"href":"https:\/\/www.old-gss-dt.de\/wordpress\/wp-json\/wp\/v2\/comments?post=130"}],"version-history":[{"count":6,"href":"https:\/\/www.old-gss-dt.de\/wordpress\/wp-json\/wp\/v2\/pages\/130\/revisions"}],"predecessor-version":[{"id":968,"href":"https:\/\/www.old-gss-dt.de\/wordpress\/wp-json\/wp\/v2\/pages\/130\/revisions\/968"}],"wp:attachment":[{"href":"https:\/\/www.old-gss-dt.de\/wordpress\/wp-json\/wp\/v2\/media?parent=130"}],"curies":[{"name":"wp","href":"https:\/\/api.w.org\/{rel}","templated":true}]}}