{"id":126,"date":"2011-07-03T15:54:10","date_gmt":"2011-07-03T13:54:10","guid":{"rendered":"http:\/\/www.gss-dt.de\/wordpress\/?page_id=126"},"modified":"2012-01-13T17:03:06","modified_gmt":"2012-01-13T16:03:06","slug":"zirkus","status":"publish","type":"page","link":"https:\/\/www.old-gss-dt.de\/wordpress\/zirkus\/","title":{"rendered":"Zirkus"},"content":{"rendered":"<div>\n<h1>Zirkus AG<\/h1>\n<\/div>\n<div>\n<p>Seit 1988 gibt es an unserer Schule eine jahrgangs\u00fcbergreifende Zirkus &#8211; AG. Von den teilnehmenden Sch\u00fclerinnen und Sch\u00fclern wird viel Mut, Geschick und Ausdauer beim \u00dcben verlangt; denn nur mit diesen F\u00e4higkeiten schaffen sie es, eine Zirkusnummer auf die B\u00fchne zu bringen. Dabei sind die Aufgabenstellungen f\u00fcr Jongleure, Clowns, Akrobaten, Zauberer und Fakire v\u00f6llig unterschiedlich. Da die Voraussetzungen f\u00fcr Sch\u00fclerinnen und Sch\u00fcler aber auch ganz verschieden sind, finden sich f\u00fcr alle Bereiche Talente, die gef\u00f6rdert werden.<\/p>\n<div id=\"attachment_1504\" style=\"width: 510px\" class=\"wp-caption alignleft\"><a href=\"https:\/\/www.old-gss-dt.de\/wordpress\/wp-content\/uploads\/2011\/07\/2012-Zirkus-AG.jpg\"><img aria-describedby=\"caption-attachment-1504\" decoding=\"async\" loading=\"lazy\" class=\"size-full wp-image-1504 \" title=\"2012-Zirkus-AG\" src=\"https:\/\/www.old-gss-dt.de\/wordpress\/wp-content\/uploads\/2011\/07\/2012-Zirkus-AG.jpg\" alt=\"\" width=\"500\" height=\"375\" srcset=\"https:\/\/www.old-gss-dt.de\/wordpress\/wp-content\/uploads\/2011\/07\/2012-Zirkus-AG.jpg 500w, https:\/\/www.old-gss-dt.de\/wordpress\/wp-content\/uploads\/2011\/07\/2012-Zirkus-AG-300x225.jpg 300w\" sizes=\"(max-width: 500px) 100vw, 500px\" \/><\/a><p id=\"caption-attachment-1504\" class=\"wp-caption-text\">Die aktuelle Zirkus-AG mit Frau Stein<\/p><\/div>\n<\/div>\n<div>\n<p>H\u00f6hepunkte der Arbeit der Zirkus &#8211; AG sind auch Auftritte au\u00dferhalb der Schule, die regelm\u00e4\u00dfig erfolgen. Ob beim Stra\u00dfenzirkus oder bei der Teilnahme an Kulturveranstaltungen, die &#8222;Zirkusmacher&#8220; sind erfolgreich und erweitern st\u00e4ndig ihr Programm.<\/p>\n<\/div>\n<div>\n<p>In unserer eigenen Schule hat der Zirkus &#8222;Ramba Zamba&#8220; schon mehrere Abendveranstaltungen bestritten und tritt zu verschiedenen Anl\u00e4ssen ( &#8222;Tag der Offenen T\u00fcr&#8220; , Schulentlassung , etc. ) mit abwechslungsreichen Programmen auf.<\/p>\n<\/div>\n<div>\n<p>Im Zirkus finden Sch\u00fclerInnen eine Best\u00e4tigung ihrer Leistungsf\u00e4higkeit, die \u00fcber den normalen Unterricht hinaus geht.<\/p>\n<\/div>\n<p>&nbsp;<\/p>\n","protected":false},"excerpt":{"rendered":"<p>Zirkus AG Seit 1988 gibt es an unserer Schule eine jahrgangs\u00fcbergreifende Zirkus &#8211; AG. Von den teilnehmenden Sch\u00fclerinnen und Sch\u00fclern wird viel Mut, Geschick und Ausdauer beim \u00dcben verlangt; denn nur mit diesen F\u00e4higkeiten schaffen sie es, eine Zirkusnummer auf &hellip; <a href=\"https:\/\/www.old-gss-dt.de\/wordpress\/zirkus\/\">Continue reading <span class=\"meta-nav\">&rarr;<\/span><\/a><\/p>\n","protected":false},"author":1,"featured_media":0,"parent":0,"menu_order":0,"comment_status":"closed","ping_status":"closed","template":"","meta":[],"_links":{"self":[{"href":"https:\/\/www.old-gss-dt.de\/wordpress\/wp-json\/wp\/v2\/pages\/126"}],"collection":[{"href":"https:\/\/www.old-gss-dt.de\/wordpress\/wp-json\/wp\/v2\/pages"}],"about":[{"href":"https:\/\/www.old-gss-dt.de\/wordpress\/wp-json\/wp\/v2\/types\/page"}],"author":[{"embeddable":true,"href":"https:\/\/www.old-gss-dt.de\/wordpress\/wp-json\/wp\/v2\/users\/1"}],"replies":[{"embeddable":true,"href":"https:\/\/www.old-gss-dt.de\/wordpress\/wp-json\/wp\/v2\/comments?post=126"}],"version-history":[{"count":4,"href":"https:\/\/www.old-gss-dt.de\/wordpress\/wp-json\/wp\/v2\/pages\/126\/revisions"}],"predecessor-version":[{"id":1506,"href":"https:\/\/www.old-gss-dt.de\/wordpress\/wp-json\/wp\/v2\/pages\/126\/revisions\/1506"}],"wp:attachment":[{"href":"https:\/\/www.old-gss-dt.de\/wordpress\/wp-json\/wp\/v2\/media?parent=126"}],"curies":[{"name":"wp","href":"https:\/\/api.w.org\/{rel}","templated":true}]}}