{"id":1170,"date":"2011-11-07T21:01:53","date_gmt":"2011-11-07T20:01:53","guid":{"rendered":"http:\/\/www.gss-dt.de\/wordpress\/?page_id=1170"},"modified":"2018-08-21T17:58:21","modified_gmt":"2018-08-21T15:58:21","slug":"bq-sek-i","status":"publish","type":"page","link":"https:\/\/www.old-gss-dt.de\/wordpress\/bq-sek-i\/","title":{"rendered":"BO Sek I"},"content":{"rendered":"<p><strong>Berufsorientierung\u00a0\u00a0\u00a0\u00a0\u00a0\u00a0\u00a0\u00a0\u00a0\u00a0\u00a0\u00a0\u00a0\u00a0\u00a0\u00a0\u00a0\u00a0\u00a0\u00a0\u00a0\u00a0\u00a0\u00a0\u00a0\u00a0\u00a0\u00a0\u00a0\u00a0\u00a0\u00a0\u00a0\u00a0\u00a0\u00a0\u00a0\u00a0\u00a0\u00a0\u00a0\u00a0\u00a0\u00a0\u00a0\u00a0\u00a0\u00a0\u00a0\u00a0\u00a0\u00a0\u00a0\u00a0\u00a0\u00a0\u00a0\u00a0\u00a0 <\/strong>SFF 8\/2018<\/p>\n<p><strong>an der Geschwister-Scholl-Gesamtschule Detmold<\/strong><\/p>\n<p>Die Geschwister-Scholl-Gesamtschule ist eine allgemeinbildende Schule. Wir wollen dazu beitragen, dass unsere Sch\u00fclerinnen und Sch\u00fcler ihre F\u00e4higkeiten und Kenntnisse erweitern, damit sie in Zukunft selbstst\u00e4ndig, eigenverantwortlich, sozial und verantwortungsbewusst in einer demokratischen Gesellschaft handeln.<\/p>\n<p>Die <strong>Berufsorientierung (BO)<\/strong>an unserer Schule ist daher nur ein Baustein von vielen, der die jungen Menschen auf diesem Weg begleitet und ihnen vielf\u00e4ltige Impulse bietet.<\/p>\n<p>&nbsp;<\/p>\n<p><strong>Unser Konzept der Berufsorientierung basiert auf folgenden Schwerpunkten:<\/strong><\/p>\n<ul>\n<li>die Erlangung allgemeiner und berufsspezifischer F\u00e4higkeiten und pers\u00f6nlicher Eigenschaften (Schl\u00fcsselqualifikationen)<\/li>\n<li>das Erkennen und Erweitern eigener Interessen und Kompetenzen durch die Teilnahme an BO-Aktivit\u00e4ten<\/li>\n<li>die praktische Erfahrung der Arbeitswelt durch die Teilnahme an Berufsfelderkundungen und Praktika<\/li>\n<li>die Reflexion der Erfahrungen durch die Beratung seitens der Klassenleitung und der Agentur f\u00fcr Arbeit<\/li>\n<li>die konkrete Vorbereitung auf den Bewerbungsprozess durch Erstellung von Bewerbungsunterlagen und die Teilnahme an einem Bewerbungstraining<\/li>\n<\/ul>\n<p>&nbsp;<\/p>\n<p>Hier geht es zum<\/p>\n<p>1) <a href=\"https:\/\/www.old-gss-dt.de\/wordpress\/?page_id=5633\">Berufswahlprogramm<\/a><\/p>\n<p>2) <a href=\"https:\/\/www.old-gss-dt.de\/wordpress\/?page_id=5636\">\u00dcbersicht zur Berufswahl<\/a><\/p>\n<p>3)\u00a0<a href=\"https:\/\/www.old-gss-dt.de\/wordpress\/?page_id=5638\">Ausgew\u00e4hlte Aspekte der Berufsorientierung<\/a><\/p>\n","protected":false},"excerpt":{"rendered":"<p>Berufsorientierung\u00a0\u00a0\u00a0\u00a0\u00a0\u00a0\u00a0\u00a0\u00a0\u00a0\u00a0\u00a0\u00a0\u00a0\u00a0\u00a0\u00a0\u00a0\u00a0\u00a0\u00a0\u00a0\u00a0\u00a0\u00a0\u00a0\u00a0\u00a0\u00a0\u00a0\u00a0\u00a0\u00a0\u00a0\u00a0\u00a0\u00a0\u00a0\u00a0\u00a0\u00a0\u00a0\u00a0\u00a0\u00a0\u00a0\u00a0\u00a0\u00a0\u00a0\u00a0\u00a0\u00a0\u00a0\u00a0\u00a0\u00a0\u00a0\u00a0 SFF 8\/2018 an der Geschwister-Scholl-Gesamtschule Detmold Die Geschwister-Scholl-Gesamtschule ist eine allgemeinbildende Schule. Wir wollen dazu beitragen, dass unsere Sch\u00fclerinnen und Sch\u00fcler ihre F\u00e4higkeiten und Kenntnisse erweitern, damit sie in Zukunft selbstst\u00e4ndig, eigenverantwortlich, sozial und verantwortungsbewusst in einer demokratischen Gesellschaft &hellip; <a href=\"https:\/\/www.old-gss-dt.de\/wordpress\/bq-sek-i\/\">Continue reading <span class=\"meta-nav\">&rarr;<\/span><\/a><\/p>\n","protected":false},"author":1,"featured_media":0,"parent":0,"menu_order":0,"comment_status":"closed","ping_status":"closed","template":"","meta":[],"_links":{"self":[{"href":"https:\/\/www.old-gss-dt.de\/wordpress\/wp-json\/wp\/v2\/pages\/1170"}],"collection":[{"href":"https:\/\/www.old-gss-dt.de\/wordpress\/wp-json\/wp\/v2\/pages"}],"about":[{"href":"https:\/\/www.old-gss-dt.de\/wordpress\/wp-json\/wp\/v2\/types\/page"}],"author":[{"embeddable":true,"href":"https:\/\/www.old-gss-dt.de\/wordpress\/wp-json\/wp\/v2\/users\/1"}],"replies":[{"embeddable":true,"href":"https:\/\/www.old-gss-dt.de\/wordpress\/wp-json\/wp\/v2\/comments?post=1170"}],"version-history":[{"count":11,"href":"https:\/\/www.old-gss-dt.de\/wordpress\/wp-json\/wp\/v2\/pages\/1170\/revisions"}],"predecessor-version":[{"id":5669,"href":"https:\/\/www.old-gss-dt.de\/wordpress\/wp-json\/wp\/v2\/pages\/1170\/revisions\/5669"}],"wp:attachment":[{"href":"https:\/\/www.old-gss-dt.de\/wordpress\/wp-json\/wp\/v2\/media?parent=1170"}],"curies":[{"name":"wp","href":"https:\/\/api.w.org\/{rel}","templated":true}]}}