{"id":116,"date":"2011-07-03T15:41:24","date_gmt":"2011-07-03T13:41:24","guid":{"rendered":"http:\/\/www.gss-dt.de\/wordpress\/?page_id=116"},"modified":"2011-07-19T02:48:10","modified_gmt":"2011-07-19T00:48:10","slug":"gebuhren","status":"publish","type":"page","link":"https:\/\/www.old-gss-dt.de\/wordpress\/gebuhren\/","title":{"rendered":"Geb\u00fchren"},"content":{"rendered":"<table width=\"80%\" border=\"0\">\n<tbody>\n<tr>\n<td colspan=\"2\" align=\"left\" width=\"109%\" height=\"44\"><strong>Geb\u00fchrenordnung<\/strong><\/td>\n<\/tr>\n<tr>\n<td colspan=\"2\" align=\"left\" width=\"109%\" height=\"44\">Leihgeb\u00fchren werden nur bei einer \u00dcberschreitung der Ausleihfrist f\u00e4llig.<\/td>\n<\/tr>\n<tr>\n<td align=\"center\" width=\"46%\" height=\"18\"><\/td>\n<td align=\"center\" width=\"85%\" height=\"18\"><\/td>\n<\/tr>\n<tr>\n<td align=\"center\" width=\"46%\" height=\"18\">Leihfrist\u00fcberschreitung<\/td>\n<td align=\"center\" width=\"85%\" height=\"18\"><\/td>\n<\/tr>\n<tr>\n<td align=\"right\" width=\"46%\" height=\"18\">um mehr als 2 Wochen<\/td>\n<td align=\"center\" width=\"85%\" height=\"18\">0,50 Euro<\/td>\n<\/tr>\n<tr>\n<td align=\"right\" width=\"46%\" height=\"18\">um mehr als 4 Wochen<\/td>\n<td align=\"center\" width=\"85%\" height=\"18\">1,00 Euro<\/td>\n<\/tr>\n<tr>\n<td align=\"center\" width=\"46%\" height=\"18\"><\/td>\n<td align=\"center\" width=\"85%\" height=\"18\"><\/td>\n<\/tr>\n<tr>\n<td align=\"left\" width=\"46%\" height=\"18\">Ausdruck pro Seite<\/td>\n<td align=\"center\" width=\"85%\" height=\"18\">0,10 Euro<\/td>\n<\/tr>\n<\/tbody>\n<\/table>\n<p>Zur\u00fcck zu <a title=\"B\u00fccherei\" href=\"https:\/\/www.old-gss-dt.de\/wordpress\/?page_id=110\">B\u00fccherei<\/a><\/p>\n","protected":false},"excerpt":{"rendered":"<p>Geb\u00fchrenordnung Leihgeb\u00fchren werden nur bei einer \u00dcberschreitung der Ausleihfrist f\u00e4llig. Leihfrist\u00fcberschreitung um mehr als 2 Wochen 0,50 Euro um mehr als 4 Wochen 1,00 Euro Ausdruck pro Seite 0,10 Euro Zur\u00fcck zu B\u00fccherei<\/p>\n","protected":false},"author":1,"featured_media":0,"parent":0,"menu_order":0,"comment_status":"closed","ping_status":"closed","template":"","meta":[],"_links":{"self":[{"href":"https:\/\/www.old-gss-dt.de\/wordpress\/wp-json\/wp\/v2\/pages\/116"}],"collection":[{"href":"https:\/\/www.old-gss-dt.de\/wordpress\/wp-json\/wp\/v2\/pages"}],"about":[{"href":"https:\/\/www.old-gss-dt.de\/wordpress\/wp-json\/wp\/v2\/types\/page"}],"author":[{"embeddable":true,"href":"https:\/\/www.old-gss-dt.de\/wordpress\/wp-json\/wp\/v2\/users\/1"}],"replies":[{"embeddable":true,"href":"https:\/\/www.old-gss-dt.de\/wordpress\/wp-json\/wp\/v2\/comments?post=116"}],"version-history":[{"count":3,"href":"https:\/\/www.old-gss-dt.de\/wordpress\/wp-json\/wp\/v2\/pages\/116\/revisions"}],"predecessor-version":[{"id":119,"href":"https:\/\/www.old-gss-dt.de\/wordpress\/wp-json\/wp\/v2\/pages\/116\/revisions\/119"}],"wp:attachment":[{"href":"https:\/\/www.old-gss-dt.de\/wordpress\/wp-json\/wp\/v2\/media?parent=116"}],"curies":[{"name":"wp","href":"https:\/\/api.w.org\/{rel}","templated":true}]}}