{"id":110,"date":"2011-07-03T15:39:47","date_gmt":"2011-07-03T13:39:47","guid":{"rendered":"http:\/\/www.gss-dt.de\/wordpress\/?page_id=110"},"modified":"2011-07-03T22:41:26","modified_gmt":"2011-07-03T20:41:26","slug":"bucherei","status":"publish","type":"page","link":"https:\/\/www.old-gss-dt.de\/wordpress\/bucherei\/","title":{"rendered":"B\u00fccherei"},"content":{"rendered":"<p><img decoding=\"async\" loading=\"lazy\" class=\"alignnone size-full wp-image-9\" title=\"Buecherei_1\" src=\"https:\/\/www.old-gss-dt.de\/wordpress\/wp-content\/uploads\/2011\/07\/Buecherei_1.jpg\" alt=\"\" width=\"400\" height=\"232\" srcset=\"https:\/\/www.old-gss-dt.de\/wordpress\/wp-content\/uploads\/2011\/07\/Buecherei_1.jpg 400w, https:\/\/www.old-gss-dt.de\/wordpress\/wp-content\/uploads\/2011\/07\/Buecherei_1-300x174.jpg 300w\" sizes=\"(max-width: 400px) 100vw, 400px\" \/><\/p>\n<p>Unsere Schulb\u00fccherei bietet:<\/p>\n<ul>\n<li>B\u00fccher und Zeitschriften zum Ausleihen<\/li>\n<li>eine Leseecke<\/li>\n<li>einen kostenlosen Internetzugang<\/li>\n<li>PC-Nutzung, Drucken<\/li>\n<\/ul>\n<p>Aktuell haben wir mehr als 4000 B\u00fccher im Bestand.<\/p>\n<p><img decoding=\"async\" loading=\"lazy\" class=\"alignnone size-full wp-image-10\" title=\"Buecherei_2\" src=\"https:\/\/www.old-gss-dt.de\/wordpress\/wp-content\/uploads\/2011\/07\/Buecherei_2.jpg\" alt=\"\" width=\"400\" height=\"236\" srcset=\"https:\/\/www.old-gss-dt.de\/wordpress\/wp-content\/uploads\/2011\/07\/Buecherei_2.jpg 400w, https:\/\/www.old-gss-dt.de\/wordpress\/wp-content\/uploads\/2011\/07\/Buecherei_2-300x177.jpg 300w\" sizes=\"(max-width: 400px) 100vw, 400px\" \/><\/p>\n<p><a title=\"Benutzerordnung\" href=\"https:\/\/www.old-gss-dt.de\/wordpress\/?page_id=113\">Zur Benutzerordnung<\/a><\/p>\n<p><a title=\"Geb\u00fchren\" href=\"https:\/\/www.old-gss-dt.de\/wordpress\/?page_id=116\">Geb\u00fchren<\/a><\/p>\n<p>Zur\u00fcck zu\u00a0<a title=\"Sch\u00fcler\" href=\"https:\/\/www.old-gss-dt.de\/wordpress\/?page_id=107\">Sch\u00fcler<\/a><\/p>\n","protected":false},"excerpt":{"rendered":"<p>Unsere Schulb\u00fccherei bietet: B\u00fccher und Zeitschriften zum Ausleihen eine Leseecke einen kostenlosen Internetzugang PC-Nutzung, Drucken Aktuell haben wir mehr als 4000 B\u00fccher im Bestand. Zur Benutzerordnung Geb\u00fchren Zur\u00fcck zu\u00a0Sch\u00fcler<\/p>\n","protected":false},"author":1,"featured_media":0,"parent":0,"menu_order":0,"comment_status":"closed","ping_status":"closed","template":"","meta":[],"_links":{"self":[{"href":"https:\/\/www.old-gss-dt.de\/wordpress\/wp-json\/wp\/v2\/pages\/110"}],"collection":[{"href":"https:\/\/www.old-gss-dt.de\/wordpress\/wp-json\/wp\/v2\/pages"}],"about":[{"href":"https:\/\/www.old-gss-dt.de\/wordpress\/wp-json\/wp\/v2\/types\/page"}],"author":[{"embeddable":true,"href":"https:\/\/www.old-gss-dt.de\/wordpress\/wp-json\/wp\/v2\/users\/1"}],"replies":[{"embeddable":true,"href":"https:\/\/www.old-gss-dt.de\/wordpress\/wp-json\/wp\/v2\/comments?post=110"}],"version-history":[{"count":5,"href":"https:\/\/www.old-gss-dt.de\/wordpress\/wp-json\/wp\/v2\/pages\/110\/revisions"}],"predecessor-version":[{"id":370,"href":"https:\/\/www.old-gss-dt.de\/wordpress\/wp-json\/wp\/v2\/pages\/110\/revisions\/370"}],"wp:attachment":[{"href":"https:\/\/www.old-gss-dt.de\/wordpress\/wp-json\/wp\/v2\/media?parent=110"}],"curies":[{"name":"wp","href":"https:\/\/api.w.org\/{rel}","templated":true}]}}