{"id":104,"date":"2011-07-03T15:33:41","date_gmt":"2011-07-03T13:33:41","guid":{"rendered":"http:\/\/www.gss-dt.de\/wordpress\/?page_id=104"},"modified":"2023-09-26T13:43:22","modified_gmt":"2023-09-26T11:43:22","slug":"impressum","status":"publish","type":"page","link":"https:\/\/www.old-gss-dt.de\/wordpress\/impressum\/","title":{"rendered":"Impressum"},"content":{"rendered":"<p>Geschwister-Scholl-Schule,\u00a0Gesamtschule der Stadt Detmold,\u00a0Sprottauer Stra\u00dfe 9,\u00a032756 Detmold<\/p>\n<p>Telefon: 05231 \/ 6407 &#8211; 0,\u00a0Fax: 05231 \/ 6407 &#8211; 29<\/p>\n<p>Email:\u00a0<a href=\"mailto:sekretariat@189108.nrw.schule\">sekretariat@189108.nrw.schule<\/a><\/p>\n<p>Email Webmaster (Oliver Brahm): o.brahm@ge-gss.de<\/p>\n<p>Gem\u00e4\u00df<a href=\"http:\/\/dejure.org\/gesetze\/BDSG\/28.html\" target=\"_blank\" rel=\"noopener\">\u00a0\u00a7 28 BDSG <\/a>widerspreche ich jeder kommerziellen Verwendung und Weitergabe der auf dieser Webseite ver\u00f6ffentlichten Daten.<\/p>\n<p><strong>Verantwortungsbereich<\/strong>: Das Impressum gilt nur f\u00fcr die unter dieser Adresse zu findende Webseite: http:\/\/www.gss-dt.de<\/p>\n<p><strong>Verantwortliche Ansprechperson<\/strong>:<\/p>\n<p>Christoph Trappe (Schulleiter)<\/p>\n<p><strong>Koordination der Presse- und \u00d6ffentlichkeitsarbeit:\u00a0<\/strong><\/p>\n<p>Ren\u00e9 Hegemann<\/p>\n<p><strong>Datenschutz<\/strong>: Personenbezogene Daten werden nur mit Ihrem Wissen und Ihrer Einwilligung erhoben. Auf Antrag erhalten Sie unentgeltlich Auskunft zu den \u00fcber Sie gespeicherten personenbezogenen Daten. Wenden Sie sich dazu bitte an: <a href=\"mailto:sekretariat@189108.nrw.schule\">sekretariat@189108.nrw.schule<\/a><a href=\"mailto:m.rudkowski@schule-detmold.de\" target=\"_blank\" rel=\"noopener\"><br \/>\n<\/a><\/p>\n<p><strong>Keine Haftung<\/strong>: Die Inhalte dieses Webprojekts wurden sorgf\u00e4ltig gepr\u00fcft und nach bestem Wissen erstellt. Aber f\u00fcr die hier dargebotenen Informationen wird kein Anspruch auf Vollst\u00e4ndigkeit, Aktualit\u00e4t, Qualit\u00e4t und Richtigkeit erhoben. Es kann keine Verantwortung f\u00fcr Sch\u00e4den \u00fcbernommen werden, die durch das Vertrauen auf die Inhalte dieser Website oder deren Gebrauch entstehen.<\/p>\n<p><strong>Schutzrechtsverletzung<\/strong>: Falls Sie vermuten, dass von dieser Website aus eines Ihrer Schutzrechte verletzt wird, teilen Sie mir das bitte umgehend per elektronischer Post (E-Mail an\u00a0<a href=\"mailto:sekretariat@189108.nrw.schule\">sekretariat@189108.nrw.schule<\/a>) mit, damit z\u00fcgig Abhilfe geschafft werden kann. Bitte nehmen Sie zur Kenntnis: Die zeitaufw\u00e4ndigere Einschaltung eines Anwaltes zur f\u00fcr den Diensteanbieter kostenpflichtigen Abmahnung entspricht nicht dessen wirklichen oder mutma\u00dflichen Willen.<\/p>\n<p><strong>Externe Verweise:<\/strong> Der Betreiber ist nicht verantwortlich f\u00fcr den Inhalt fremder Internetseiten. Das Setzen eines Hyperlinks auf externe Seiten erfolgt wie im Internet \u00fcblich nur zu Referenzzwecken.<\/p>\n","protected":false},"excerpt":{"rendered":"<p>Geschwister-Scholl-Schule,\u00a0Gesamtschule der Stadt Detmold,\u00a0Sprottauer Stra\u00dfe 9,\u00a032756 Detmold Telefon: 05231 \/ 6407 &#8211; 0,\u00a0Fax: 05231 \/ 6407 &#8211; 29 Email:\u00a0sekretariat@189108.nrw.schule Email Webmaster (Oliver Brahm): o.brahm@ge-gss.de Gem\u00e4\u00df\u00a0\u00a7 28 BDSG widerspreche ich jeder kommerziellen Verwendung und Weitergabe der auf dieser Webseite ver\u00f6ffentlichten Daten. &hellip; <a href=\"https:\/\/www.old-gss-dt.de\/wordpress\/impressum\/\">Continue reading <span class=\"meta-nav\">&rarr;<\/span><\/a><\/p>\n","protected":false},"author":1,"featured_media":0,"parent":0,"menu_order":0,"comment_status":"closed","ping_status":"closed","template":"","meta":[],"_links":{"self":[{"href":"https:\/\/www.old-gss-dt.de\/wordpress\/wp-json\/wp\/v2\/pages\/104"}],"collection":[{"href":"https:\/\/www.old-gss-dt.de\/wordpress\/wp-json\/wp\/v2\/pages"}],"about":[{"href":"https:\/\/www.old-gss-dt.de\/wordpress\/wp-json\/wp\/v2\/types\/page"}],"author":[{"embeddable":true,"href":"https:\/\/www.old-gss-dt.de\/wordpress\/wp-json\/wp\/v2\/users\/1"}],"replies":[{"embeddable":true,"href":"https:\/\/www.old-gss-dt.de\/wordpress\/wp-json\/wp\/v2\/comments?post=104"}],"version-history":[{"count":19,"href":"https:\/\/www.old-gss-dt.de\/wordpress\/wp-json\/wp\/v2\/pages\/104\/revisions"}],"predecessor-version":[{"id":7684,"href":"https:\/\/www.old-gss-dt.de\/wordpress\/wp-json\/wp\/v2\/pages\/104\/revisions\/7684"}],"wp:attachment":[{"href":"https:\/\/www.old-gss-dt.de\/wordpress\/wp-json\/wp\/v2\/media?parent=104"}],"curies":[{"name":"wp","href":"https:\/\/api.w.org\/{rel}","templated":true}]}}