{"id":101,"date":"2011-07-03T15:31:13","date_gmt":"2011-07-03T13:31:13","guid":{"rendered":"http:\/\/www.gss-dt.de\/wordpress\/?page_id=101"},"modified":"2023-06-05T10:20:16","modified_gmt":"2023-06-05T08:20:16","slug":"home","status":"publish","type":"page","link":"https:\/\/www.old-gss-dt.de\/wordpress\/","title":{"rendered":"Home"},"content":{"rendered":"<p style=\"text-align: center;\"><a href=\"https:\/\/www.old-gss-dt.de\/wordpress\/wp-content\/uploads\/2011\/07\/GSS-Header-Bild-940x1982.jpg\"><img decoding=\"async\" loading=\"lazy\" class=\"alignnone size-full wp-image-5675\" src=\"https:\/\/www.old-gss-dt.de\/wordpress\/wp-content\/uploads\/2011\/07\/GSS-Header-Bild-940x1982.jpg\" alt=\"GSS-Header-Bild-940x198\" width=\"940\" height=\"198\" srcset=\"https:\/\/www.old-gss-dt.de\/wordpress\/wp-content\/uploads\/2011\/07\/GSS-Header-Bild-940x1982.jpg 940w, https:\/\/www.old-gss-dt.de\/wordpress\/wp-content\/uploads\/2011\/07\/GSS-Header-Bild-940x1982-300x63.jpg 300w, https:\/\/www.old-gss-dt.de\/wordpress\/wp-content\/uploads\/2011\/07\/GSS-Header-Bild-940x1982-500x105.jpg 500w\" sizes=\"(max-width: 940px) 100vw, 940px\" \/><\/a><\/p>\n<h1 style=\"text-align: center;\">\u00a0Detmolds st\u00e4dtische Gesamtschule<\/h1>\n<p style=\"text-align: center;\">Wir laden<strong><span style=\"color: #339966;\"> alle Sch\u00fclerinnen und Sch\u00fcler<\/span><\/strong> unseres neuen Jahrgangs 5 zum<\/p>\n<p style=\"text-align: center;\"><strong><span style=\"color: #ff0000;\"><em>Kennenlernnachmittag am Donnerstag, den 15. Juni 2023, <\/em><\/span><\/strong><\/p>\n<p style=\"text-align: center;\"><strong><span style=\"color: #ff0000;\"><em>von 14.30 Uhr bis 16.00 Uhr<\/em><\/span><\/strong><\/p>\n<p style=\"text-align: center;\">in unsere <strong><span style=\"color: #3366ff;\">Aula<\/span> <\/strong>ein. Bitte kommt <strong><span style=\"color: #3366ff;\">gemeinsam mit einem Elternteil<\/span><\/strong>, denn f\u00fcr die Eltern gibt es noch wichtige Informationen zum Schulstart an der Gesamtschule.<\/p>\n<p style=\"text-align: center;\">Die neuen Kassenleitungen freuen sich <span style=\"color: #000000;\">schon<\/span> sehr auf ihre neuen Sch\u00fclerinnen und Sch\u00fcler und haben f\u00fcr den Kennenlernnachmittag ein buntes Programm vorbereitet<\/p>\n<h2 style=\"text-align: center;\"><iframe loading=\"lazy\" title=\"YouTube video player\" src=\"https:\/\/www.youtube.com\/embed\/1eoOoUv-ViY\" width=\"560\" height=\"315\" frameborder=\"0\" allowfullscreen=\"allowfullscreen\" data-mce-fragment=\"1\"><\/iframe><\/h2>\n<h1 style=\"text-align: center;\">Herzlich Willkommen auf unserer Seite!<\/h1>\n<p style=\"text-align: center;\">An der Geschwister-Scholl-Schule zu leben und zu lernen, bedeutet unterschiedlichste Menschen zu integrieren, ihre individuellen St\u00e4rken zu erkennen und zu f\u00f6rdern.<\/p>\n<p style=\"text-align: center;\">Toleranz, respektvoller Umgang, soziales Engagement sowie Freude am Lernen soll unseren Sch\u00fclern die M\u00f6glichkeit geben, sich zu selbstst\u00e4ndigen, aber auch teamf\u00e4higen und konfliktf\u00e4higen Pers\u00f6nlichkeiten zu entwickeln.<\/p>\n<p style=\"text-align: center;\">Die notwendige Zeit zum \u00dcben und Ausprobieren ist uns dabei wichtig. In den Pausen ist auf dem weitl\u00e4ufigen Schulgel\u00e4nde f\u00fcr Bewegung gesorgt.<\/p>\n<h1 style=\"text-align: center;\">Ihr Kind hat Corona-Symptome?<br \/>\nBitte beachten Sie folgende Hinweise:<\/h1>\n<p><a href=\"https:\/\/www.old-gss-dt.de\/wordpress\/wp-content\/uploads\/2011\/07\/Bildschirmfoto-2020-12-02-um-19.42.36.png\" target=\"_blank\" rel=\"noopener\"><img decoding=\"async\" loading=\"lazy\" class=\"alignnone wp-image-6599 size-full\" src=\"https:\/\/www.old-gss-dt.de\/wordpress\/wp-content\/uploads\/2011\/07\/Bildschirmfoto-2020-12-02-um-19.42.36.png\" alt=\"Bildschirmfoto 2020-12-02 um 19.42.36\" width=\"2252\" height=\"1860\" srcset=\"https:\/\/www.old-gss-dt.de\/wordpress\/wp-content\/uploads\/2011\/07\/Bildschirmfoto-2020-12-02-um-19.42.36.png 2252w, https:\/\/www.old-gss-dt.de\/wordpress\/wp-content\/uploads\/2011\/07\/Bildschirmfoto-2020-12-02-um-19.42.36-300x248.png 300w, https:\/\/www.old-gss-dt.de\/wordpress\/wp-content\/uploads\/2011\/07\/Bildschirmfoto-2020-12-02-um-19.42.36-500x413.png 500w\" sizes=\"(max-width: 2252px) 100vw, 2252px\" \/><\/a><\/p>\n<h1 style=\"text-align: center;\"><\/h1>\n<h1 style=\"text-align: center;\"><\/h1>\n<p><a title=\"Schule ohne Rassismus \u2013 Schule mit Courage\" href=\"https:\/\/www.old-gss-dt.de\/wordpress\/?page_id=2493\"><img decoding=\"async\" loading=\"lazy\" class=\"aligncenter size-full wp-image-445\" src=\"https:\/\/www.old-gss-dt.de\/wordpress\/wp-content\/uploads\/2011\/07\/2001_Schule_ohne_Rassismus.jpg\" alt=\"2001_Schule_ohne_Rassismus\" width=\"536\" height=\"132\" srcset=\"https:\/\/www.old-gss-dt.de\/wordpress\/wp-content\/uploads\/2011\/07\/2001_Schule_ohne_Rassismus.jpg 536w, https:\/\/www.old-gss-dt.de\/wordpress\/wp-content\/uploads\/2011\/07\/2001_Schule_ohne_Rassismus-300x73.jpg 300w, https:\/\/www.old-gss-dt.de\/wordpress\/wp-content\/uploads\/2011\/07\/2001_Schule_ohne_Rassismus-500x123.jpg 500w\" sizes=\"(max-width: 536px) 100vw, 536px\" \/><\/a><\/p>\n<p><a href=\"https:\/\/www.old-gss-dt.de\/wordpress\/wp-content\/uploads\/2011\/07\/Logo_Globales-Lernen_MS2.jpg\"><img decoding=\"async\" loading=\"lazy\" class=\" size-large wp-image-3790 aligncenter\" src=\"https:\/\/www.old-gss-dt.de\/wordpress\/wp-content\/uploads\/2011\/07\/Logo_Globales-Lernen_MS2-500x123.jpg\" alt=\"Logo_Globales-Lernen_MS\" width=\"500\" height=\"123\" srcset=\"https:\/\/www.old-gss-dt.de\/wordpress\/wp-content\/uploads\/2011\/07\/Logo_Globales-Lernen_MS2.jpg 500w, https:\/\/www.old-gss-dt.de\/wordpress\/wp-content\/uploads\/2011\/07\/Logo_Globales-Lernen_MS2-300x74.jpg 300w\" sizes=\"(max-width: 500px) 100vw, 500px\" \/><\/a><\/p>\n<div id=\"attachment_6125\" style=\"width: 510px\" class=\"wp-caption aligncenter\"><a href=\"https:\/\/www.old-gss-dt.de\/wordpress\/wp-content\/uploads\/2011\/07\/nbs_logo_h_p_CMYK_nrw_alternativ.jpg\"><img aria-describedby=\"caption-attachment-6125\" decoding=\"async\" loading=\"lazy\" class=\"wp-image-6125 size-large\" src=\"https:\/\/www.old-gss-dt.de\/wordpress\/wp-content\/uploads\/2011\/07\/nbs_logo_h_p_CMYK_nrw_alternativ-500x286.jpg\" alt=\"nbs_logo_h_p_CMYK_nrw_alternativ\" width=\"500\" height=\"286\" srcset=\"https:\/\/www.old-gss-dt.de\/wordpress\/wp-content\/uploads\/2011\/07\/nbs_logo_h_p_CMYK_nrw_alternativ-500x286.jpg 500w, https:\/\/www.old-gss-dt.de\/wordpress\/wp-content\/uploads\/2011\/07\/nbs_logo_h_p_CMYK_nrw_alternativ-300x171.jpg 300w\" sizes=\"(max-width: 500px) 100vw, 500px\" \/><\/a><p id=\"caption-attachment-6125\" class=\"wp-caption-text\">Seit 2019<\/p><\/div>\n<p><a href=\"https:\/\/www.old-gss-dt.de\/wordpress\/wp-content\/uploads\/2011\/07\/Logo_SOH-2012.jpg\"><img decoding=\"async\" loading=\"lazy\" class=\" wp-image-3791 size-medium aligncenter\" src=\"https:\/\/www.old-gss-dt.de\/wordpress\/wp-content\/uploads\/2011\/07\/Logo_SOH-2012-300x245.jpg\" alt=\"neues Logo SChule\" width=\"300\" height=\"245\" srcset=\"https:\/\/www.old-gss-dt.de\/wordpress\/wp-content\/uploads\/2011\/07\/Logo_SOH-2012-300x245.jpg 300w, https:\/\/www.old-gss-dt.de\/wordpress\/wp-content\/uploads\/2011\/07\/Logo_SOH-2012.jpg 500w\" sizes=\"(max-width: 300px) 100vw, 300px\" \/><\/a><\/p>\n<p><a title=\"Sch\u00fcler\" href=\"https:\/\/www.old-gss-dt.de\/wordpress\/?page_id=107\">Sch\u00fcler<\/a><\/p>\n<p><a title=\"Eltern\" href=\"https:\/\/www.old-gss-dt.de\/wordpress\/?page_id=176\">Eltern<\/a><\/p>\n<p><a title=\"Schule\" href=\"https:\/\/www.old-gss-dt.de\/wordpress\/?page_id=193\">Schule<\/a><\/p>\n<p><a title=\"Kalender\" href=\"https:\/\/www.old-gss-dt.de\/wordpress\/?page_id=215\">Kalender<\/a><\/p>\n<p><a title=\"Bildergalerie\" href=\"https:\/\/www.old-gss-dt.de\/wordpress\/?page_id=224\">Bildergalerie<\/a><\/p>\n","protected":false},"excerpt":{"rendered":"<p>\u00a0Detmolds st\u00e4dtische Gesamtschule Wir laden alle Sch\u00fclerinnen und Sch\u00fcler unseres neuen Jahrgangs 5 zum Kennenlernnachmittag am Donnerstag, den 15. Juni 2023, von 14.30 Uhr bis 16.00 Uhr in unsere Aula ein. Bitte kommt gemeinsam mit einem Elternteil, denn f\u00fcr die &hellip; <a href=\"https:\/\/www.old-gss-dt.de\/wordpress\/\">Continue reading <span class=\"meta-nav\">&rarr;<\/span><\/a><\/p>\n","protected":false},"author":1,"featured_media":0,"parent":0,"menu_order":0,"comment_status":"closed","ping_status":"closed","template":"","meta":[],"_links":{"self":[{"href":"https:\/\/www.old-gss-dt.de\/wordpress\/wp-json\/wp\/v2\/pages\/101"}],"collection":[{"href":"https:\/\/www.old-gss-dt.de\/wordpress\/wp-json\/wp\/v2\/pages"}],"about":[{"href":"https:\/\/www.old-gss-dt.de\/wordpress\/wp-json\/wp\/v2\/types\/page"}],"author":[{"embeddable":true,"href":"https:\/\/www.old-gss-dt.de\/wordpress\/wp-json\/wp\/v2\/users\/1"}],"replies":[{"embeddable":true,"href":"https:\/\/www.old-gss-dt.de\/wordpress\/wp-json\/wp\/v2\/comments?post=101"}],"version-history":[{"count":248,"href":"https:\/\/www.old-gss-dt.de\/wordpress\/wp-json\/wp\/v2\/pages\/101\/revisions"}],"predecessor-version":[{"id":7641,"href":"https:\/\/www.old-gss-dt.de\/wordpress\/wp-json\/wp\/v2\/pages\/101\/revisions\/7641"}],"wp:attachment":[{"href":"https:\/\/www.old-gss-dt.de\/wordpress\/wp-json\/wp\/v2\/media?parent=101"}],"curies":[{"name":"wp","href":"https:\/\/api.w.org\/{rel}","templated":true}]}}